{"id":3,"date":"2024-01-11T21:17:50","date_gmt":"2024-01-11T21:17:50","guid":{"rendered":"http:\/\/dev.lucasoil.co.uk:8888\/?page_id=3"},"modified":"2025-06-30T09:24:19","modified_gmt":"2025-06-30T13:24:19","slug":"privacy-policy","status":"publish","type":"page","link":"https:\/\/lucasoil.mx\/es\/privacy-policy\/","title":{"rendered":"Privacy Policy"},"content":{"rendered":"\n<div style=\"height:100px\" aria-hidden=\"true\" class=\"wp-block-spacer\"><\/div>\n\n\n<div class=\"gb-container gb-container-84e92814\">\n\n<h2 class=\"wp-block-heading\"><strong>Aviso de Privacidad<\/strong><\/h2>\n\n<\/div>\n\n\n<p>Gracias por visitar <a href=\"https:\/\/protect.checkpoint.com\/v2\/___https:\/www.lucasoil.mx\/___.YzJ1Omx1Y2Fzb2lscHJvZHVjdHM6YzpvOjkzYzk5ZWU5ZjRjMDdlOGRjZDllY2Q1N2RkMTk2ZjI2OjY6N2Y1ODphZjRlNzY2NmExNGEzNzBlZmY2NDM5NjcyZmJhMzIyZWQ0MmFlM2ExOTYzMTA1YWUzMmIzNzAzNzZmZDI4ZGQwOnA6RjpO\">https:\/\/lucasoil.mx\/<\/a>. El presente sitio web es la p\u00e1gina oficial en M\u00e9xico de LUCAS OIL y es gestionado y operado por Lucas Oil Products, Inc.<\/p>\n\n\n\n<p>Este documento constituye el Aviso de Privacidad en cumplimiento con las disposiciones de la Ley Federal de Protecci\u00f3n de Datos Personales en Posesi\u00f3n de los Particulares (la \u00abLFPDPPP\u00bb), su Reglamento, as\u00ed como las Directrices del Aviso de Privacidad (colectivamente referidos como la \u00abLegislaci\u00f3n\u00bb). En consecuencia, este Aviso de Privacidad (en adelante, el \u00abAviso\u00bb) se aplica a la informaci\u00f3n personal recopilada del Titular de los Datos Personales por Lucas Oil Products, Inc. (\u00abLUCAS OIL\u00bb). Para los fines de este Aviso, los t\u00e9rminos con may\u00fascula utilizados en este documento y no definidos en el mismo tendr\u00e1n los significados que se les asignan en la Legislaci\u00f3n.<\/p>\n\n\n\n<h4 class=\"wp-block-heading\"><strong>I. IDENTIDAD Y DOMICILIO DEL RESPONSABLE DEL TRATAMIENTO DE LOS DATOS<\/strong>.<\/h4>\n\n\n\n<p>Lucas Oil Products, Inc. empresa con domicilio en: 3610 River Crossing Parkway, Indian\u00e1polis, IN 46240 (EE. UU.), es responsable del sitio web y act\u00faa como el Responsable del tratamiento de sus Datos Personales.<\/p>\n\n\n\n<p>En este sentido, Lucas Oil Products, Inc. es responsable de la recolecci\u00f3n, uso, almacenamiento y divulgaci\u00f3n de sus Datos Personales, conforme a lo dispuesto en este Aviso de Privacidad (\u201cAviso\u201d).<\/p>\n\n\n\n<p>Nos comprometemos a garantizar en todo momento el uso adecuado, la protecci\u00f3n y la confidencialidad de sus Datos Personales, y a cumplir con los principios de licitud, finalidad, lealtad, consentimiento, calidad, proporcionalidad, informaci\u00f3n y responsabilidad establecidos por la legislaci\u00f3n aplicable en materia de protecci\u00f3n de datos personales.<\/p>\n\n\n\n<h4 class=\"wp-block-heading\"><strong>II. DATOS PERSONALES SUJETOS A TRATAMIENTO.<\/strong><\/h4>\n\n\n\n<p>LUCAS OIL \u00fanicamente recabar\u00e1 y tratar\u00e1, de manera total o parcial, los siguientes datos no anonimizados de identificaci\u00f3n y contacto:<\/p>\n\n\n\n<ul class=\"wp-block-list\">\n<li>nombre,<\/li>\n\n\n\n<li>direcci\u00f3n postal,<\/li>\n\n\n\n<li>n\u00famero telef\u00f3nico y,<\/li>\n\n\n\n<li>direcci\u00f3n de correo electr\u00f3nico.<\/li>\n<\/ul>\n\n\n\n<p>Le informamos que LUCAS OIL no recabar\u00e1 en ninguna circunstancia Datos Personales Sensibles. En caso de que en alg\u00fan momento se le soliciten datos que sean considerados sensibles conforme a la legislaci\u00f3n aplicable, le pedimos que nos lo notifique de inmediato a trav\u00e9s del correo electr\u00f3nico <a href=\"mailto:privacy@lucasoil.com\">privacy@lucasoil.com<\/a>.<\/p>\n\n\n\n<p>Se consideran Datos Personales Sensibles aquellos que puedan afectar su esfera m\u00e1s \u00edntima o cuyo uso indebido por nuestra parte pueda generar discriminaci\u00f3n o conlleve un riesgo grave para esta. De manera enunciativa m\u00e1s no limitativa se consideran sensibles los datos personales que puedan revelar aspectos como origen racial o \u00e9tnico, estado de salud presente o futuro, informaci\u00f3n gen\u00e9tica, creencias religiosas, filos\u00f3ficas y morales, opiniones pol\u00edticas y preferencia sexual.<\/p>\n\n\n\n<h4 class=\"wp-block-heading\">III. FINALIDADES DEL TRATAMIENTO DE DATOS PERSONALES.<\/h4>\n\n\n\n<p>Le informamos que los Datos Personales que usted nos proporcione ser\u00e1n tratados para las siguientes finalidades:<\/p>\n\n\n\n<ul class=\"wp-block-list\">\n<li><strong>Finalidades primarias<\/strong>: Los datos ser\u00e1n utilizados para atender la solicitud espec\u00edfica sobre nuestros productos o cualquier otro requerimiento que haya indicado en la secci\u00f3n de contacto en este sitio web.<\/li>\n<\/ul>\n\n\n\n<ul class=\"wp-block-list\">\n<li><strong>Finalidades secundarias<\/strong>: De manera adicional, y con su consentimiento, sus datos podr\u00e1n ser utilizados para fines de mercadotecnia, promoci\u00f3n y publicidad de nuestros productos, como el env\u00edo de ofertas, boletines informativos, encuestas y comunicaciones comerciales.<\/li>\n<\/ul>\n\n\n\n<p>Al proporcionar su informaci\u00f3n, usted nos otorga su consentimiento para el tratamiento de sus datos personales conforme a lo aqu\u00ed descrito.<\/p>\n\n\n\n<h4 class=\"wp-block-heading\"><strong>IV. MECANISMOS PARA OPONERSE AL TRATAMIENTO DE SUS DATOS PERSONALES.<\/strong><\/h4>\n\n\n\n<p>Las finalidades primarias son necesarias y esenciales para mantener la relaci\u00f3n entre usted y LUCAS OIL, as\u00ed como para cumplir con las obligaciones legales derivadas de la misma. Por lo tanto, usted podr\u00e1 oponerse al tratamiento siempre que la relaci\u00f3n haya concluido o se haya cumplido con la finalidad principal y\/o la finalidad secundaria, seg\u00fan corresponda. En caso de no manifestar oposici\u00f3n, LUCAS OIL podr\u00e1 conservar sus Datos Personales en la base de datos correspondiente hasta que hayan expirado todos los plazos legales de prescripci\u00f3n para ejercer cualquier derecho derivado de dicha relaci\u00f3n jur\u00eddica.<\/p>\n\n\n\n<p>Por el contrario, si no desea que sus datos sean utilizados para las finalidades secundarias, usted podr\u00e1 oponerse a su tratamiento en cualquier momento, enviando un correo electr\u00f3nico a nuestro departamento de datos personales <a href=\"mailto:privacy@lucasoil.com\">privacy@lucasoil.com<\/a>. \u00a0<\/p>\n\n\n\n<p>El tratamiento se realiza con base en: (i) su consentimiento; (ii) la existencia de una relaci\u00f3n jur\u00eddica; y\/o (iii) cumplimiento de obligaciones legales.<\/p>\n\n\n\n<h4 class=\"wp-block-heading\"><strong>V. TRANSFERENCIAS\/REMISIONES Y DIVULGACIONES DE DATOS PERSONALES.<\/strong><\/h4>\n\n\n\n<p>Le informamos que LUCAS OIL no efect\u00faa Transferencias de Datos Personales a terceros para ninguna finalidad. En caso de que se necesiten transferir sus Datos Personales y se requiera de su Consentimiento para ello, LUCAS OIL se encargar\u00e1 de hacerlo de su conocimiento y recabarlo conforme a lo dispuesto por la Legislaci\u00f3n.<\/p>\n\n\n\n<p>No obstante, LUCAS OIL podr\u00e1 contratar uno o varios terceros externos como proveedores de servicios seleccionados para facilitar y hacer m\u00e1s eficientes sus operaciones, en cuyo caso, si bien dichos terceros tendr\u00e1n acceso a sus Datos Personales \u00fanicamente actuar\u00e1n como Encargados del Tratamiento, por lo que solo podr\u00e1n manejar y tratar sus Datos Personales bajo las instrucciones y supervisi\u00f3n de LUCAS OIL, las cuales estar\u00e1n alineadas en todo momento con el presente Aviso.<\/p>\n\n\n\n<h4 class=\"wp-block-heading\"><strong>VI. LIMITACI\u00d3N DEL USO O DIVULGACI\u00d3N DE DATOS PERSONALES.<\/strong><\/h4>\n\n\n\n<p>Usted tiene el derecho de limitar el uso y divulgaci\u00f3n de sus Datos Personales para fines de prospecci\u00f3n comercial, publicidad y mercadotecnia. Para ello, podr\u00e1 informarnos a trav\u00e9s del correo electr\u00f3nico:<a href=\"mailto:privacy@lucasoil.com\">privacy@lucasoil.com<\/a>. Por favor, proporcione la siguiente informaci\u00f3n en su solicitud.<\/p>\n\n\n\n<ul class=\"wp-block-list\">\n<li>Nombre(s) y apellido(s) del solicitante;<\/li>\n\n\n\n<li>Direcci\u00f3n del solicitante;<\/li>\n\n\n\n<li>Correo electr\u00f3nico u otro medio para comunicar la respuesta a su solicitud;<\/li>\n\n\n\n<li>Descripci\u00f3n clara y precisa de los fines secundarios para los cuales desea limitar el tratamiento de los Datos Personales.<\/li>\n<\/ul>\n\n\n\n<p>LUCAS OIL responder\u00e1 a su solicitud dentro de los veinte (20) d\u00edas h\u00e1biles siguientes.<\/p>\n\n\n\n<p>En algunos casos, podr\u00e1 ejercer este derecho haciendo clic en el enlace de \u00abCancelar suscripci\u00f3n\u00bb que encontrar\u00e1 al final de los correos electr\u00f3nicos publicitarios que haya recibido de LUCAS OIL. Es importante se\u00f1alar que la limitaci\u00f3n solicitada en respuesta a estas solicitudes no tendr\u00e1 efectos retroactivos.<\/p>\n\n\n\n<h4 class=\"wp-block-heading\">VII. EJERCICIO DE DERECHOS \u201cARCO\u201d.<\/h4>\n\n\n\n<p>En cualquier momento, usted podr\u00e1 ejercer los siguientes derechos respecto a sus Datos Personales:<\/p>\n\n\n\n<ul class=\"wp-block-list\">\n<li>Acceso &#8211; Conocer los Datos Personales que tenemos de usted, c\u00f3mo los utilizamos y las condiciones de su uso.<\/li>\n\n\n\n<li>Rectificaci\u00f3n &#8211; Solicitar la correcci\u00f3n de sus Datos Personales si est\u00e1n desactualizados, son inexactos o incompletos.<\/li>\n\n\n\n<li>Cancelaci\u00f3n &#8211; Exigir que eliminemos sus Datos Personales de nuestros archivos, registros, expedientes y sistemas cuando considere que no est\u00e1n siendo utilizados correctamente, conforme a los requisitos de eliminaci\u00f3n establecidos en este Aviso o de acuerdo con la Legislaci\u00f3n.<\/li>\n\n\n\n<li>Oposici\u00f3n &#8211; Oponerse al tratamiento de sus Datos Personales por causa leg\u00edtima.<\/li>\n<\/ul>\n\n\n\n<p>Para ejercer estos derechos (conocidos colectivamente como \u00abDerechos ARCO\u00bb), deber\u00e1 solicitarlo y enviar su petici\u00f3n a nuestro departamento de datos personales a trav\u00e9s del correo electr\u00f3nico: <a href=\"mailto:privacy@lucasoil.com\">privacy@lucasoil.com<\/a>. \u00a0<\/p>\n\n\n\n<p>La solicitud debe contener:<\/p>\n\n\n\n<ol class=\"wp-block-list\">\n<li>Nombre(s) y apellido(s) del solicitante;<\/li>\n\n\n\n<li>Direcci\u00f3n del solicitante;<\/li>\n\n\n\n<li>Tel\u00e9fono, correo electr\u00f3nico u otro medio para comunicar la respuesta a su solicitud;<\/li>\n\n\n\n<li>Identificaci\u00f3n oficial que acredite su identidad o, en su caso, la representaci\u00f3n legal de la persona que act\u00fae en su nombre;<\/li>\n\n\n\n<li>Descripci\u00f3n clara y precisa de los Datos Personales respecto de los cuales desea ejercer alguno de los derechos ARCO;<\/li>\n\n\n\n<li>Motivos por los cuales solicita ejercer el (los) derecho(s) ARCO respectivo(s);<\/li>\n\n\n\n<li>En caso de rectificaci\u00f3n, indicar las modificaciones a realizar y la documentaci\u00f3n que respalde dichos cambios;<\/li>\n\n\n\n<li>Cualquier otro elemento que facilite la localizaci\u00f3n de los Datos Personales.<\/li>\n<\/ol>\n\n\n\n<p>Una vez recibida su solicitud, dispondremos de un plazo de veinte (20) d\u00edas h\u00e1biles para emitir y comunicar nuestra respuesta. Si su solicitud es procedente, ser\u00e1 efectiva dentro de un plazo m\u00e1ximo de quince (15) d\u00edas h\u00e1biles posteriores a la fecha de respuesta. Estos plazos podr\u00e1n prorrogarse una sola vez por plazos iguales, en cuyo caso se le informar\u00e1 oportunamente.<\/p>\n\n\n\n<p>LUCAS OIL podr\u00e1 utilizar herramientas electr\u00f3nicas o servicios de verificaci\u00f3n de identidad para validar la autenticidad de las solicitudes recibidas.<\/p>\n\n\n\n<p>Para cualquier duda relacionada con el procedimiento para ejercer sus Derechos ARCO y\/o cualquier pregunta sobre este Aviso y nuestras pr\u00e1cticas de protecci\u00f3n de datos personales, podr\u00e1 contactarnos en cualquier momento a trav\u00e9s de correo electr\u00f3nico: <a href=\"mailto:privacy@lucasoil.com\">privacy@lucasoil.com<\/a>. \u00a0<\/p>\n\n\n\n<h4 class=\"wp-block-heading\"><strong>VIII. USO DE TECNOLOG\u00cdAS DE RASTREO EN NUESTRO SITIO WEB Y V\u00cdNCULOS A SITIOS EXTERNOS.<\/strong><\/h4>\n\n\n\n<p>Le informamos que en este sitio web, utilizamos cookies, mediante las cuales podemos monitorear su comportamiento como usuario de Internet, as\u00ed como ofrecerle un mejor servicio y experiencias mientras navega en nuestro sitio.<\/p>\n\n\n\n<p>La informaci\u00f3n personal no anonimizada no se registra a trav\u00e9s de nuestras cookies y otras tecnolog\u00edas de seguimiento; sin embargo, si usted ha proporcionado previamente informaci\u00f3n de identificaci\u00f3n personal, las cookies pueden estar vinculadas a dicha informaci\u00f3n. Las cookies agregadas y la informaci\u00f3n de seguimiento podr\u00e1n ser compartida con terceros.<\/p>\n\n\n\n<p>En algunos casos, puede rechazar parcial o totalmente la recopilaci\u00f3n y el procesamiento de cookies por parte de LUCAS OIL a trav\u00e9s de la ventana emergente que aparece cuando visita este sitio web, seleccionando aquellas cookies que autoriza y aquellas que no, o rechazando todas ellas.<\/p>\n\n\n\n<p>Sin embargo, si esta opci\u00f3n no est\u00e1 disponible, las cookies pueden deshabilitarse en la configuraci\u00f3n del navegador que utilice.<\/p>\n\n\n\n<p>Finalmente, es posible que nuestro sitio web contenga enlaces a sitios externos o plataformas gestionadas por terceros, sobre los cuales LUCAS OIL no tiene influencia ni control. En este sentido, LUCAS OIL no asume ninguna responsabilidad por los Datos Personales que pueda proporcionar a dichos sitios web de terceros, por lo que le recomendamos revisar siempre los Avisos de Privacidad y pr\u00e1cticas correspondientes.<\/p>\n\n\n\n<h4 class=\"wp-block-heading\"><strong>X. MODIFICACIONES AL AVISO DE PRIVACIDAD.<\/strong><\/h4>\n\n\n\n<p>Nos reservamos el derecho de realizar modificaciones o actualizaciones a este Aviso en cualquier momento, para abordar cambios legislativos, pol\u00edticas internas o nuevos requerimientos para la oferta de nuestros productos.<\/p>\n\n\n\n<p>En caso de cualquier cambio en este Aviso, lo comunicaremos a trav\u00e9s de ese sitio web.<\/p>\n\n\n\n<p>Las leyes y regulaciones de otros pa\u00edses pueden imponer requisitos diferentes para la protecci\u00f3n de la informaci\u00f3n en general y los Datos Personales recopilados a trav\u00e9s de internet. LUCAS OIL se encuentra en Estados Unidos, y todos los asuntos relacionados con este sitio web se rigen por las leyes de M\u00e9xico.<\/p>\n\n\n\n<p><em>\u00daltima Modificaci\u00f3n: abril 2025<\/em><\/p>\n\n\n\n\n\n<style>\nol li {padding-bottom:1em;};\ntable, th, td, tr, td {border: 1px solid #000000;};\n<\/style>\n\n\n\n<div style=\"height:100px\" aria-hidden=\"true\" class=\"wp-block-spacer\"><\/div>\n","protected":false},"excerpt":{"rendered":"<p>Aviso de Privacidad Gracias por visitar https:\/\/lucasoil.mx\/. El presente sitio web es la p\u00e1gina oficial en M\u00e9xico de LUCAS OIL y es gestionado y operado por Lucas Oil Products, Inc. Este documento constituye el Aviso de Privacidad en cumplimiento con las disposiciones de la Ley Federal de Protecci\u00f3n de Datos Personales en Posesi\u00f3n de los [&hellip;]<\/p>\n","protected":false},"author":1,"featured_media":0,"parent":0,"menu_order":0,"comment_status":"closed","ping_status":"open","template":"page-nonblock.php","meta":{"_acf_changed":false,"footnotes":""},"class_list":["post-3","page","type-page","status-publish","hentry"],"acf":[],"yoast_head":"<!-- This site is optimized with the Yoast SEO plugin v27.3 - https:\/\/yoast.com\/product\/yoast-seo-wordpress\/ -->\n<title>Privacy Policy - Lucas Oil Products, Inc.<\/title>\n<meta name=\"robots\" content=\"index, follow, max-snippet:-1, max-image-preview:large, max-video-preview:-1\" \/>\n<link rel=\"canonical\" href=\"https:\/\/lucasoil.mx\/es\/privacy-policy\/\" \/>\n<meta property=\"og:locale\" content=\"es_ES\" \/>\n<meta property=\"og:type\" content=\"article\" \/>\n<meta property=\"og:title\" content=\"Privacy Policy - Lucas Oil Products, Inc.\" \/>\n<meta property=\"og:description\" content=\"Aviso de Privacidad Gracias por visitar https:\/\/lucasoil.mx\/. El presente sitio web es la p\u00e1gina oficial en M\u00e9xico de LUCAS OIL y es gestionado y operado por Lucas Oil Products, Inc. Este documento constituye el Aviso de Privacidad en cumplimiento con las disposiciones de la Ley Federal de Protecci\u00f3n de Datos Personales en Posesi\u00f3n de los [&hellip;]\" \/>\n<meta property=\"og:url\" content=\"https:\/\/lucasoil.mx\/es\/privacy-policy\/\" \/>\n<meta property=\"og:site_name\" content=\"Lucas Oil Products, Inc.\" \/>\n<meta property=\"article:publisher\" content=\"https:\/\/www.facebook.com\/lucasoilmexico\" \/>\n<meta property=\"article:modified_time\" content=\"2025-06-30T13:24:19+00:00\" \/>\n<meta name=\"twitter:card\" content=\"summary_large_image\" \/>\n<meta name=\"twitter:label1\" content=\"Tiempo de lectura\" \/>\n\t<meta name=\"twitter:data1\" content=\"9 minutos\" \/>\n<script type=\"application\/ld+json\" class=\"yoast-schema-graph\">{\"@context\":\"https:\\\/\\\/schema.org\",\"@graph\":[{\"@type\":\"WebPage\",\"@id\":\"https:\\\/\\\/lucasoil.mx\\\/es\\\/privacy-policy\\\/\",\"url\":\"https:\\\/\\\/lucasoil.mx\\\/es\\\/privacy-policy\\\/\",\"name\":\"Privacy Policy - Lucas Oil Products, Inc.\",\"isPartOf\":{\"@id\":\"https:\\\/\\\/lucasoil.mx\\\/es\\\/#website\"},\"datePublished\":\"2024-01-11T21:17:50+00:00\",\"dateModified\":\"2025-06-30T13:24:19+00:00\",\"breadcrumb\":{\"@id\":\"https:\\\/\\\/lucasoil.mx\\\/es\\\/privacy-policy\\\/#breadcrumb\"},\"inLanguage\":\"es\",\"potentialAction\":[{\"@type\":\"ReadAction\",\"target\":[\"https:\\\/\\\/lucasoil.mx\\\/es\\\/privacy-policy\\\/\"]}]},{\"@type\":\"BreadcrumbList\",\"@id\":\"https:\\\/\\\/lucasoil.mx\\\/es\\\/privacy-policy\\\/#breadcrumb\",\"itemListElement\":[{\"@type\":\"ListItem\",\"position\":1,\"name\":\"Home\",\"item\":\"https:\\\/\\\/lucasoil.mx\\\/es\\\/\"},{\"@type\":\"ListItem\",\"position\":2,\"name\":\"Privacy Policy\"}]},{\"@type\":\"WebSite\",\"@id\":\"https:\\\/\\\/lucasoil.mx\\\/es\\\/#website\",\"url\":\"https:\\\/\\\/lucasoil.mx\\\/es\\\/\",\"name\":\"Lucas Oil Products, Inc.\",\"description\":\"\",\"publisher\":{\"@id\":\"https:\\\/\\\/lucasoil.mx\\\/es\\\/#organization\"},\"potentialAction\":[{\"@type\":\"SearchAction\",\"target\":{\"@type\":\"EntryPoint\",\"urlTemplate\":\"https:\\\/\\\/lucasoil.mx\\\/es\\\/?s={search_term_string}\"},\"query-input\":{\"@type\":\"PropertyValueSpecification\",\"valueRequired\":true,\"valueName\":\"search_term_string\"}}],\"inLanguage\":\"es\"},{\"@type\":\"Organization\",\"@id\":\"https:\\\/\\\/lucasoil.mx\\\/es\\\/#organization\",\"name\":\"Lucas Oil Products, Inc.\",\"url\":\"https:\\\/\\\/lucasoil.mx\\\/es\\\/\",\"logo\":{\"@type\":\"ImageObject\",\"inLanguage\":\"es\",\"@id\":\"https:\\\/\\\/lucasoil.mx\\\/es\\\/#\\\/schema\\\/logo\\\/image\\\/\",\"url\":\"https:\\\/\\\/lucasoil.mx\\\/wp-content\\\/uploads\\\/2025\\\/07\\\/LucasOil_Letters_White.png\",\"contentUrl\":\"https:\\\/\\\/lucasoil.mx\\\/wp-content\\\/uploads\\\/2025\\\/07\\\/LucasOil_Letters_White.png\",\"width\":2249,\"height\":407,\"caption\":\"Lucas Oil Products, Inc.\"},\"image\":{\"@id\":\"https:\\\/\\\/lucasoil.mx\\\/es\\\/#\\\/schema\\\/logo\\\/image\\\/\"},\"sameAs\":[\"https:\\\/\\\/www.facebook.com\\\/lucasoilmexico\",\"https:\\\/\\\/www.instagram.com\\\/lucasoilmexico\\\/\"]}]}<\/script>\n<!-- \/ Yoast SEO plugin. -->","yoast_head_json":{"title":"Privacy Policy - Lucas Oil Products, Inc.","robots":{"index":"index","follow":"follow","max-snippet":"max-snippet:-1","max-image-preview":"max-image-preview:large","max-video-preview":"max-video-preview:-1"},"canonical":"https:\/\/lucasoil.mx\/es\/privacy-policy\/","og_locale":"es_ES","og_type":"article","og_title":"Privacy Policy - Lucas Oil Products, Inc.","og_description":"Aviso de Privacidad Gracias por visitar https:\/\/lucasoil.mx\/. El presente sitio web es la p\u00e1gina oficial en M\u00e9xico de LUCAS OIL y es gestionado y operado por Lucas Oil Products, Inc. Este documento constituye el Aviso de Privacidad en cumplimiento con las disposiciones de la Ley Federal de Protecci\u00f3n de Datos Personales en Posesi\u00f3n de los [&hellip;]","og_url":"https:\/\/lucasoil.mx\/es\/privacy-policy\/","og_site_name":"Lucas Oil Products, Inc.","article_publisher":"https:\/\/www.facebook.com\/lucasoilmexico","article_modified_time":"2025-06-30T13:24:19+00:00","twitter_card":"summary_large_image","twitter_misc":{"Tiempo de lectura":"9 minutos"},"schema":{"@context":"https:\/\/schema.org","@graph":[{"@type":"WebPage","@id":"https:\/\/lucasoil.mx\/es\/privacy-policy\/","url":"https:\/\/lucasoil.mx\/es\/privacy-policy\/","name":"Privacy Policy - Lucas Oil Products, Inc.","isPartOf":{"@id":"https:\/\/lucasoil.mx\/es\/#website"},"datePublished":"2024-01-11T21:17:50+00:00","dateModified":"2025-06-30T13:24:19+00:00","breadcrumb":{"@id":"https:\/\/lucasoil.mx\/es\/privacy-policy\/#breadcrumb"},"inLanguage":"es","potentialAction":[{"@type":"ReadAction","target":["https:\/\/lucasoil.mx\/es\/privacy-policy\/"]}]},{"@type":"BreadcrumbList","@id":"https:\/\/lucasoil.mx\/es\/privacy-policy\/#breadcrumb","itemListElement":[{"@type":"ListItem","position":1,"name":"Home","item":"https:\/\/lucasoil.mx\/es\/"},{"@type":"ListItem","position":2,"name":"Privacy Policy"}]},{"@type":"WebSite","@id":"https:\/\/lucasoil.mx\/es\/#website","url":"https:\/\/lucasoil.mx\/es\/","name":"Lucas Oil Products, Inc.","description":"","publisher":{"@id":"https:\/\/lucasoil.mx\/es\/#organization"},"potentialAction":[{"@type":"SearchAction","target":{"@type":"EntryPoint","urlTemplate":"https:\/\/lucasoil.mx\/es\/?s={search_term_string}"},"query-input":{"@type":"PropertyValueSpecification","valueRequired":true,"valueName":"search_term_string"}}],"inLanguage":"es"},{"@type":"Organization","@id":"https:\/\/lucasoil.mx\/es\/#organization","name":"Lucas Oil Products, Inc.","url":"https:\/\/lucasoil.mx\/es\/","logo":{"@type":"ImageObject","inLanguage":"es","@id":"https:\/\/lucasoil.mx\/es\/#\/schema\/logo\/image\/","url":"https:\/\/lucasoil.mx\/wp-content\/uploads\/2025\/07\/LucasOil_Letters_White.png","contentUrl":"https:\/\/lucasoil.mx\/wp-content\/uploads\/2025\/07\/LucasOil_Letters_White.png","width":2249,"height":407,"caption":"Lucas Oil Products, Inc."},"image":{"@id":"https:\/\/lucasoil.mx\/es\/#\/schema\/logo\/image\/"},"sameAs":["https:\/\/www.facebook.com\/lucasoilmexico","https:\/\/www.instagram.com\/lucasoilmexico\/"]}]}},"_links":{"self":[{"href":"https:\/\/lucasoil.mx\/es\/wp-json\/wp\/v2\/pages\/3","targetHints":{"allow":["GET"]}}],"collection":[{"href":"https:\/\/lucasoil.mx\/es\/wp-json\/wp\/v2\/pages"}],"about":[{"href":"https:\/\/lucasoil.mx\/es\/wp-json\/wp\/v2\/types\/page"}],"author":[{"embeddable":true,"href":"https:\/\/lucasoil.mx\/es\/wp-json\/wp\/v2\/users\/1"}],"replies":[{"embeddable":true,"href":"https:\/\/lucasoil.mx\/es\/wp-json\/wp\/v2\/comments?post=3"}],"version-history":[{"count":20,"href":"https:\/\/lucasoil.mx\/es\/wp-json\/wp\/v2\/pages\/3\/revisions"}],"predecessor-version":[{"id":30071,"href":"https:\/\/lucasoil.mx\/es\/wp-json\/wp\/v2\/pages\/3\/revisions\/30071"}],"wp:attachment":[{"href":"https:\/\/lucasoil.mx\/es\/wp-json\/wp\/v2\/media?parent=3"}],"curies":[{"name":"wp","href":"https:\/\/api.w.org\/{rel}","templated":true}]}}