{"id":29496,"date":"2024-04-19T11:08:42","date_gmt":"2024-04-19T15:08:42","guid":{"rendered":"https:\/\/lucasoil.mx\/specialty-agriculture\/"},"modified":"2024-11-08T16:12:44","modified_gmt":"2024-11-08T21:12:44","slug":"specialty-agriculture","status":"publish","type":"page","link":"https:\/\/lucasoil.mx\/es\/specialty-agriculture\/","title":{"rendered":"Specialty: Agriculture"},"content":{"rendered":"\n<h2 class=\"gb-headline gb-headline-01d1275c gb-headline-text\">EQUIPO AGR\u00cdCOLA<\/h2>\n\n<p>Aproveche todo el potencial de su equipo de trabajo pesado con nuestras l\u00edneas y productos de \u00faltima generaci\u00f3n de aceites, aditivos, grasas y solucionadores de problemas dise\u00f1ados para optimizar el rendimiento de su maquinaria. Nuestros productos evitan el desgaste del motor, mejoran la eficiencia del combustible, reducen las emisiones y mantienen limpios los componentes del motor. Adem\u00e1s, los aditivos de Lucas contribuyen a mejorar la eficiencia, rendimiento y confiabilidad de la maquinaria para ayudarle a aumentar de manera significativa la productividad y rentabilidad de sus operaciones. <\/p>\n","protected":false},"excerpt":{"rendered":"<p>EQUIPO AGR\u00cdCOLA Aproveche todo el potencial de su equipo de trabajo pesado con nuestras l\u00edneas y productos de \u00faltima generaci\u00f3n de aceites, aditivos, grasas y solucionadores de problemas dise\u00f1ados para optimizar el rendimiento de su maquinaria. Nuestros productos evitan el desgaste del motor, mejoran la eficiencia del combustible, reducen las emisiones y mantienen limpios los [&hellip;]<\/p>\n","protected":false},"author":1,"featured_media":0,"parent":0,"menu_order":0,"comment_status":"closed","ping_status":"closed","template":"lifestyle-agriculture.php","meta":{"_acf_changed":false,"footnotes":""},"class_list":["post-29496","page","type-page","status-publish","hentry"],"acf":[],"yoast_head":"<!-- This site is optimized with the Yoast SEO plugin v27.2 - https:\/\/yoast.com\/product\/yoast-seo-wordpress\/ -->\n<title>Specialty: Agriculture - Lucas Oil Products, Inc.<\/title>\n<meta name=\"robots\" content=\"index, follow, max-snippet:-1, max-image-preview:large, max-video-preview:-1\" \/>\n<link rel=\"canonical\" href=\"https:\/\/lucasoil.mx\/es\/specialty-agriculture\/\" \/>\n<meta property=\"og:locale\" content=\"es_ES\" \/>\n<meta property=\"og:type\" content=\"article\" \/>\n<meta property=\"og:title\" content=\"Specialty: Agriculture - Lucas Oil Products, Inc.\" \/>\n<meta property=\"og:description\" content=\"EQUIPO AGR\u00cdCOLA Aproveche todo el potencial de su equipo de trabajo pesado con nuestras l\u00edneas y productos de \u00faltima generaci\u00f3n de aceites, aditivos, grasas y solucionadores de problemas dise\u00f1ados para optimizar el rendimiento de su maquinaria. Nuestros productos evitan el desgaste del motor, mejoran la eficiencia del combustible, reducen las emisiones y mantienen limpios los [&hellip;]\" \/>\n<meta property=\"og:url\" content=\"https:\/\/lucasoil.mx\/es\/specialty-agriculture\/\" \/>\n<meta property=\"og:site_name\" content=\"Lucas Oil Products, Inc.\" \/>\n<meta property=\"article:publisher\" content=\"https:\/\/www.facebook.com\/lucasoilmexico\" \/>\n<meta property=\"article:modified_time\" content=\"2024-11-08T21:12:44+00:00\" \/>\n<meta name=\"twitter:card\" content=\"summary_large_image\" \/>\n<script type=\"application\/ld+json\" class=\"yoast-schema-graph\">{\"@context\":\"https:\/\/schema.org\",\"@graph\":[{\"@type\":\"WebPage\",\"@id\":\"https:\/\/lucasoil.mx\/es\/specialty-agriculture\/\",\"url\":\"https:\/\/lucasoil.mx\/es\/specialty-agriculture\/\",\"name\":\"Specialty: Agriculture - Lucas Oil Products, Inc.\",\"isPartOf\":{\"@id\":\"https:\/\/lucasoil.mx\/es\/#website\"},\"datePublished\":\"2024-04-19T15:08:42+00:00\",\"dateModified\":\"2024-11-08T21:12:44+00:00\",\"breadcrumb\":{\"@id\":\"https:\/\/lucasoil.mx\/es\/specialty-agriculture\/#breadcrumb\"},\"inLanguage\":\"es\",\"potentialAction\":[{\"@type\":\"ReadAction\",\"target\":[\"https:\/\/lucasoil.mx\/es\/specialty-agriculture\/\"]}]},{\"@type\":\"BreadcrumbList\",\"@id\":\"https:\/\/lucasoil.mx\/es\/specialty-agriculture\/#breadcrumb\",\"itemListElement\":[{\"@type\":\"ListItem\",\"position\":1,\"name\":\"Home\",\"item\":\"https:\/\/lucasoil.mx\/es\/\"},{\"@type\":\"ListItem\",\"position\":2,\"name\":\"Specialty: Agriculture\"}]},{\"@type\":\"WebSite\",\"@id\":\"https:\/\/lucasoil.mx\/es\/#website\",\"url\":\"https:\/\/lucasoil.mx\/es\/\",\"name\":\"Lucas Oil Products, Inc.\",\"description\":\"\",\"publisher\":{\"@id\":\"https:\/\/lucasoil.mx\/es\/#organization\"},\"potentialAction\":[{\"@type\":\"SearchAction\",\"target\":{\"@type\":\"EntryPoint\",\"urlTemplate\":\"https:\/\/lucasoil.mx\/es\/?s={search_term_string}\"},\"query-input\":{\"@type\":\"PropertyValueSpecification\",\"valueRequired\":true,\"valueName\":\"search_term_string\"}}],\"inLanguage\":\"es\"},{\"@type\":\"Organization\",\"@id\":\"https:\/\/lucasoil.mx\/es\/#organization\",\"name\":\"Lucas Oil Products, Inc.\",\"url\":\"https:\/\/lucasoil.mx\/es\/\",\"logo\":{\"@type\":\"ImageObject\",\"inLanguage\":\"es\",\"@id\":\"https:\/\/lucasoil.mx\/es\/#\/schema\/logo\/image\/\",\"url\":\"https:\/\/lucasoil.mx\/wp-content\/uploads\/2025\/07\/LucasOil_Letters_White.png\",\"contentUrl\":\"https:\/\/lucasoil.mx\/wp-content\/uploads\/2025\/07\/LucasOil_Letters_White.png\",\"width\":2249,\"height\":407,\"caption\":\"Lucas Oil Products, Inc.\"},\"image\":{\"@id\":\"https:\/\/lucasoil.mx\/es\/#\/schema\/logo\/image\/\"},\"sameAs\":[\"https:\/\/www.facebook.com\/lucasoilmexico\",\"https:\/\/www.instagram.com\/lucasoilmexico\/\"]}]}<\/script>\n<!-- \/ Yoast SEO plugin. -->","yoast_head_json":{"title":"Specialty: Agriculture - Lucas Oil Products, Inc.","robots":{"index":"index","follow":"follow","max-snippet":"max-snippet:-1","max-image-preview":"max-image-preview:large","max-video-preview":"max-video-preview:-1"},"canonical":"https:\/\/lucasoil.mx\/es\/specialty-agriculture\/","og_locale":"es_ES","og_type":"article","og_title":"Specialty: Agriculture - Lucas Oil Products, Inc.","og_description":"EQUIPO AGR\u00cdCOLA Aproveche todo el potencial de su equipo de trabajo pesado con nuestras l\u00edneas y productos de \u00faltima generaci\u00f3n de aceites, aditivos, grasas y solucionadores de problemas dise\u00f1ados para optimizar el rendimiento de su maquinaria. Nuestros productos evitan el desgaste del motor, mejoran la eficiencia del combustible, reducen las emisiones y mantienen limpios los [&hellip;]","og_url":"https:\/\/lucasoil.mx\/es\/specialty-agriculture\/","og_site_name":"Lucas Oil Products, Inc.","article_publisher":"https:\/\/www.facebook.com\/lucasoilmexico","article_modified_time":"2024-11-08T21:12:44+00:00","twitter_card":"summary_large_image","schema":{"@context":"https:\/\/schema.org","@graph":[{"@type":"WebPage","@id":"https:\/\/lucasoil.mx\/es\/specialty-agriculture\/","url":"https:\/\/lucasoil.mx\/es\/specialty-agriculture\/","name":"Specialty: Agriculture - Lucas Oil Products, Inc.","isPartOf":{"@id":"https:\/\/lucasoil.mx\/es\/#website"},"datePublished":"2024-04-19T15:08:42+00:00","dateModified":"2024-11-08T21:12:44+00:00","breadcrumb":{"@id":"https:\/\/lucasoil.mx\/es\/specialty-agriculture\/#breadcrumb"},"inLanguage":"es","potentialAction":[{"@type":"ReadAction","target":["https:\/\/lucasoil.mx\/es\/specialty-agriculture\/"]}]},{"@type":"BreadcrumbList","@id":"https:\/\/lucasoil.mx\/es\/specialty-agriculture\/#breadcrumb","itemListElement":[{"@type":"ListItem","position":1,"name":"Home","item":"https:\/\/lucasoil.mx\/es\/"},{"@type":"ListItem","position":2,"name":"Specialty: Agriculture"}]},{"@type":"WebSite","@id":"https:\/\/lucasoil.mx\/es\/#website","url":"https:\/\/lucasoil.mx\/es\/","name":"Lucas Oil Products, Inc.","description":"","publisher":{"@id":"https:\/\/lucasoil.mx\/es\/#organization"},"potentialAction":[{"@type":"SearchAction","target":{"@type":"EntryPoint","urlTemplate":"https:\/\/lucasoil.mx\/es\/?s={search_term_string}"},"query-input":{"@type":"PropertyValueSpecification","valueRequired":true,"valueName":"search_term_string"}}],"inLanguage":"es"},{"@type":"Organization","@id":"https:\/\/lucasoil.mx\/es\/#organization","name":"Lucas Oil Products, Inc.","url":"https:\/\/lucasoil.mx\/es\/","logo":{"@type":"ImageObject","inLanguage":"es","@id":"https:\/\/lucasoil.mx\/es\/#\/schema\/logo\/image\/","url":"https:\/\/lucasoil.mx\/wp-content\/uploads\/2025\/07\/LucasOil_Letters_White.png","contentUrl":"https:\/\/lucasoil.mx\/wp-content\/uploads\/2025\/07\/LucasOil_Letters_White.png","width":2249,"height":407,"caption":"Lucas Oil Products, Inc."},"image":{"@id":"https:\/\/lucasoil.mx\/es\/#\/schema\/logo\/image\/"},"sameAs":["https:\/\/www.facebook.com\/lucasoilmexico","https:\/\/www.instagram.com\/lucasoilmexico\/"]}]}},"_links":{"self":[{"href":"https:\/\/lucasoil.mx\/es\/wp-json\/wp\/v2\/pages\/29496","targetHints":{"allow":["GET"]}}],"collection":[{"href":"https:\/\/lucasoil.mx\/es\/wp-json\/wp\/v2\/pages"}],"about":[{"href":"https:\/\/lucasoil.mx\/es\/wp-json\/wp\/v2\/types\/page"}],"author":[{"embeddable":true,"href":"https:\/\/lucasoil.mx\/es\/wp-json\/wp\/v2\/users\/1"}],"replies":[{"embeddable":true,"href":"https:\/\/lucasoil.mx\/es\/wp-json\/wp\/v2\/comments?post=29496"}],"version-history":[{"count":1,"href":"https:\/\/lucasoil.mx\/es\/wp-json\/wp\/v2\/pages\/29496\/revisions"}],"predecessor-version":[{"id":29497,"href":"https:\/\/lucasoil.mx\/es\/wp-json\/wp\/v2\/pages\/29496\/revisions\/29497"}],"wp:attachment":[{"href":"https:\/\/lucasoil.mx\/es\/wp-json\/wp\/v2\/media?parent=29496"}],"curies":[{"name":"wp","href":"https:\/\/api.w.org\/{rel}","templated":true}]}}