{"id":29494,"date":"2024-04-19T12:11:49","date_gmt":"2024-04-19T16:11:49","guid":{"rendered":"https:\/\/lucasoil.mx\/specialty-everyday-car-care\/"},"modified":"2024-11-08T16:10:18","modified_gmt":"2024-11-08T21:10:18","slug":"specialty-everyday-car-care","status":"publish","type":"page","link":"https:\/\/lucasoil.mx\/es\/specialty-everyday-car-care\/","title":{"rendered":"Specialty: Everyday Car Care"},"content":{"rendered":"\n<h2 class=\"gb-headline gb-headline-62f25bfa gb-headline-text\">CUIDADO DIARIO DE VEH\u00cdCULOS<\/h2>\n\n<p>Lucas es la opci\u00f3n ideal para mantenerse en movimiento y aprovechar al m\u00e1ximo cada instante de su ocupada vida. Lucas le ofrece una l\u00ednea completa de productos para el cuidado automotriz que, adem\u00e1s de ser f\u00e1ciles de usar y confiables, realmente brindan los mejores resultados. Ya sea que desee ahorrar dinero al cargar gasolina y aumentar la eficiencia energ\u00e9tica de su veh\u00edculo, mantener su auto usado en excelentes condiciones o detener una fuga, Lucas lo tiene cubierto. <\/p>\n","protected":false},"excerpt":{"rendered":"<p>CUIDADO DIARIO DE VEH\u00cdCULOS Lucas es la opci\u00f3n ideal para mantenerse en movimiento y aprovechar al m\u00e1ximo cada instante de su ocupada vida. Lucas le ofrece una l\u00ednea completa de productos para el cuidado automotriz que, adem\u00e1s de ser f\u00e1ciles de usar y confiables, realmente brindan los mejores resultados. Ya sea que desee ahorrar dinero [&hellip;]<\/p>\n","protected":false},"author":1,"featured_media":0,"parent":0,"menu_order":0,"comment_status":"closed","ping_status":"closed","template":"lifestyle-everyday-car-care.php","meta":{"_acf_changed":false,"footnotes":""},"class_list":["post-29494","page","type-page","status-publish","hentry"],"acf":[],"yoast_head":"<!-- This site is optimized with the Yoast SEO plugin v27.2 - https:\/\/yoast.com\/product\/yoast-seo-wordpress\/ -->\n<title>Specialty: Everyday Car Care - Lucas Oil Products, Inc.<\/title>\n<meta name=\"robots\" content=\"index, follow, max-snippet:-1, max-image-preview:large, max-video-preview:-1\" \/>\n<link rel=\"canonical\" href=\"https:\/\/lucasoil.mx\/es\/specialty-everyday-car-care\/\" \/>\n<meta property=\"og:locale\" content=\"es_ES\" \/>\n<meta property=\"og:type\" content=\"article\" \/>\n<meta property=\"og:title\" content=\"Specialty: Everyday Car Care - Lucas Oil Products, Inc.\" \/>\n<meta property=\"og:description\" content=\"CUIDADO DIARIO DE VEH\u00cdCULOS Lucas es la opci\u00f3n ideal para mantenerse en movimiento y aprovechar al m\u00e1ximo cada instante de su ocupada vida. Lucas le ofrece una l\u00ednea completa de productos para el cuidado automotriz que, adem\u00e1s de ser f\u00e1ciles de usar y confiables, realmente brindan los mejores resultados. Ya sea que desee ahorrar dinero [&hellip;]\" \/>\n<meta property=\"og:url\" content=\"https:\/\/lucasoil.mx\/es\/specialty-everyday-car-care\/\" \/>\n<meta property=\"og:site_name\" content=\"Lucas Oil Products, Inc.\" \/>\n<meta property=\"article:publisher\" content=\"https:\/\/www.facebook.com\/lucasoilmexico\" \/>\n<meta property=\"article:modified_time\" content=\"2024-11-08T21:10:18+00:00\" \/>\n<meta name=\"twitter:card\" content=\"summary_large_image\" \/>\n<script type=\"application\/ld+json\" class=\"yoast-schema-graph\">{\"@context\":\"https:\/\/schema.org\",\"@graph\":[{\"@type\":\"WebPage\",\"@id\":\"https:\/\/lucasoil.mx\/es\/specialty-everyday-car-care\/\",\"url\":\"https:\/\/lucasoil.mx\/es\/specialty-everyday-car-care\/\",\"name\":\"Specialty: Everyday Car Care - Lucas Oil Products, Inc.\",\"isPartOf\":{\"@id\":\"https:\/\/lucasoil.mx\/es\/#website\"},\"datePublished\":\"2024-04-19T16:11:49+00:00\",\"dateModified\":\"2024-11-08T21:10:18+00:00\",\"breadcrumb\":{\"@id\":\"https:\/\/lucasoil.mx\/es\/specialty-everyday-car-care\/#breadcrumb\"},\"inLanguage\":\"es\",\"potentialAction\":[{\"@type\":\"ReadAction\",\"target\":[\"https:\/\/lucasoil.mx\/es\/specialty-everyday-car-care\/\"]}]},{\"@type\":\"BreadcrumbList\",\"@id\":\"https:\/\/lucasoil.mx\/es\/specialty-everyday-car-care\/#breadcrumb\",\"itemListElement\":[{\"@type\":\"ListItem\",\"position\":1,\"name\":\"Home\",\"item\":\"https:\/\/lucasoil.mx\/es\/\"},{\"@type\":\"ListItem\",\"position\":2,\"name\":\"Specialty: Everyday Car Care\"}]},{\"@type\":\"WebSite\",\"@id\":\"https:\/\/lucasoil.mx\/es\/#website\",\"url\":\"https:\/\/lucasoil.mx\/es\/\",\"name\":\"Lucas Oil Products, Inc.\",\"description\":\"\",\"publisher\":{\"@id\":\"https:\/\/lucasoil.mx\/es\/#organization\"},\"potentialAction\":[{\"@type\":\"SearchAction\",\"target\":{\"@type\":\"EntryPoint\",\"urlTemplate\":\"https:\/\/lucasoil.mx\/es\/?s={search_term_string}\"},\"query-input\":{\"@type\":\"PropertyValueSpecification\",\"valueRequired\":true,\"valueName\":\"search_term_string\"}}],\"inLanguage\":\"es\"},{\"@type\":\"Organization\",\"@id\":\"https:\/\/lucasoil.mx\/es\/#organization\",\"name\":\"Lucas Oil Products, Inc.\",\"url\":\"https:\/\/lucasoil.mx\/es\/\",\"logo\":{\"@type\":\"ImageObject\",\"inLanguage\":\"es\",\"@id\":\"https:\/\/lucasoil.mx\/es\/#\/schema\/logo\/image\/\",\"url\":\"https:\/\/lucasoil.mx\/wp-content\/uploads\/2025\/07\/LucasOil_Letters_White.png\",\"contentUrl\":\"https:\/\/lucasoil.mx\/wp-content\/uploads\/2025\/07\/LucasOil_Letters_White.png\",\"width\":2249,\"height\":407,\"caption\":\"Lucas Oil Products, Inc.\"},\"image\":{\"@id\":\"https:\/\/lucasoil.mx\/es\/#\/schema\/logo\/image\/\"},\"sameAs\":[\"https:\/\/www.facebook.com\/lucasoilmexico\",\"https:\/\/www.instagram.com\/lucasoilmexico\/\"]}]}<\/script>\n<!-- \/ Yoast SEO plugin. -->","yoast_head_json":{"title":"Specialty: Everyday Car Care - Lucas Oil Products, Inc.","robots":{"index":"index","follow":"follow","max-snippet":"max-snippet:-1","max-image-preview":"max-image-preview:large","max-video-preview":"max-video-preview:-1"},"canonical":"https:\/\/lucasoil.mx\/es\/specialty-everyday-car-care\/","og_locale":"es_ES","og_type":"article","og_title":"Specialty: Everyday Car Care - Lucas Oil Products, Inc.","og_description":"CUIDADO DIARIO DE VEH\u00cdCULOS Lucas es la opci\u00f3n ideal para mantenerse en movimiento y aprovechar al m\u00e1ximo cada instante de su ocupada vida. Lucas le ofrece una l\u00ednea completa de productos para el cuidado automotriz que, adem\u00e1s de ser f\u00e1ciles de usar y confiables, realmente brindan los mejores resultados. Ya sea que desee ahorrar dinero [&hellip;]","og_url":"https:\/\/lucasoil.mx\/es\/specialty-everyday-car-care\/","og_site_name":"Lucas Oil Products, Inc.","article_publisher":"https:\/\/www.facebook.com\/lucasoilmexico","article_modified_time":"2024-11-08T21:10:18+00:00","twitter_card":"summary_large_image","schema":{"@context":"https:\/\/schema.org","@graph":[{"@type":"WebPage","@id":"https:\/\/lucasoil.mx\/es\/specialty-everyday-car-care\/","url":"https:\/\/lucasoil.mx\/es\/specialty-everyday-car-care\/","name":"Specialty: Everyday Car Care - Lucas Oil Products, Inc.","isPartOf":{"@id":"https:\/\/lucasoil.mx\/es\/#website"},"datePublished":"2024-04-19T16:11:49+00:00","dateModified":"2024-11-08T21:10:18+00:00","breadcrumb":{"@id":"https:\/\/lucasoil.mx\/es\/specialty-everyday-car-care\/#breadcrumb"},"inLanguage":"es","potentialAction":[{"@type":"ReadAction","target":["https:\/\/lucasoil.mx\/es\/specialty-everyday-car-care\/"]}]},{"@type":"BreadcrumbList","@id":"https:\/\/lucasoil.mx\/es\/specialty-everyday-car-care\/#breadcrumb","itemListElement":[{"@type":"ListItem","position":1,"name":"Home","item":"https:\/\/lucasoil.mx\/es\/"},{"@type":"ListItem","position":2,"name":"Specialty: Everyday Car Care"}]},{"@type":"WebSite","@id":"https:\/\/lucasoil.mx\/es\/#website","url":"https:\/\/lucasoil.mx\/es\/","name":"Lucas Oil Products, Inc.","description":"","publisher":{"@id":"https:\/\/lucasoil.mx\/es\/#organization"},"potentialAction":[{"@type":"SearchAction","target":{"@type":"EntryPoint","urlTemplate":"https:\/\/lucasoil.mx\/es\/?s={search_term_string}"},"query-input":{"@type":"PropertyValueSpecification","valueRequired":true,"valueName":"search_term_string"}}],"inLanguage":"es"},{"@type":"Organization","@id":"https:\/\/lucasoil.mx\/es\/#organization","name":"Lucas Oil Products, Inc.","url":"https:\/\/lucasoil.mx\/es\/","logo":{"@type":"ImageObject","inLanguage":"es","@id":"https:\/\/lucasoil.mx\/es\/#\/schema\/logo\/image\/","url":"https:\/\/lucasoil.mx\/wp-content\/uploads\/2025\/07\/LucasOil_Letters_White.png","contentUrl":"https:\/\/lucasoil.mx\/wp-content\/uploads\/2025\/07\/LucasOil_Letters_White.png","width":2249,"height":407,"caption":"Lucas Oil Products, Inc."},"image":{"@id":"https:\/\/lucasoil.mx\/es\/#\/schema\/logo\/image\/"},"sameAs":["https:\/\/www.facebook.com\/lucasoilmexico","https:\/\/www.instagram.com\/lucasoilmexico\/"]}]}},"_links":{"self":[{"href":"https:\/\/lucasoil.mx\/es\/wp-json\/wp\/v2\/pages\/29494","targetHints":{"allow":["GET"]}}],"collection":[{"href":"https:\/\/lucasoil.mx\/es\/wp-json\/wp\/v2\/pages"}],"about":[{"href":"https:\/\/lucasoil.mx\/es\/wp-json\/wp\/v2\/types\/page"}],"author":[{"embeddable":true,"href":"https:\/\/lucasoil.mx\/es\/wp-json\/wp\/v2\/users\/1"}],"replies":[{"embeddable":true,"href":"https:\/\/lucasoil.mx\/es\/wp-json\/wp\/v2\/comments?post=29494"}],"version-history":[{"count":1,"href":"https:\/\/lucasoil.mx\/es\/wp-json\/wp\/v2\/pages\/29494\/revisions"}],"predecessor-version":[{"id":29495,"href":"https:\/\/lucasoil.mx\/es\/wp-json\/wp\/v2\/pages\/29494\/revisions\/29495"}],"wp:attachment":[{"href":"https:\/\/lucasoil.mx\/es\/wp-json\/wp\/v2\/media?parent=29494"}],"curies":[{"name":"wp","href":"https:\/\/api.w.org\/{rel}","templated":true}]}}