{"id":29492,"date":"2024-04-19T12:13:57","date_gmt":"2024-04-19T16:13:57","guid":{"rendered":"https:\/\/lucasoil.mx\/specialty-heavy-duty-trucking\/"},"modified":"2024-11-08T16:09:40","modified_gmt":"2024-11-08T21:09:40","slug":"specialty-heavy-duty-trucking","status":"publish","type":"page","link":"https:\/\/lucasoil.mx\/es\/specialty-heavy-duty-trucking\/","title":{"rendered":"Specialty: Heavy Duty Trucking"},"content":{"rendered":"\n<h2 class=\"gb-headline gb-headline-74cbe06d gb-headline-text\">CAMIONES DE EQUIPO PESADO<\/h2>\n\n<p>En Lucas comprendemos los desaf\u00edos que enfrentan d\u00eda con d\u00eda los conductores de camiones de equipo pesado y los operadores de flotas. Es por lo que desarrollamos una amplia gama de aditivos para aceite de calidad superior dise\u00f1ados para satisfacer las exigentes demandas de la industria del transporte de carga. Con los productos de Lucas usted puede aumentar la eficiencia del combustible y mejorar el rendimiento y confiabilidad de las flotas de carga pesada para garantizar un funcionamiento \u00f3ptimo durante m\u00e1s tiempo sin salirse del presupuesto.  <\/p>\n","protected":false},"excerpt":{"rendered":"<p>CAMIONES DE EQUIPO PESADO En Lucas comprendemos los desaf\u00edos que enfrentan d\u00eda con d\u00eda los conductores de camiones de equipo pesado y los operadores de flotas. Es por lo que desarrollamos una amplia gama de aditivos para aceite de calidad superior dise\u00f1ados para satisfacer las exigentes demandas de la industria del transporte de carga. Con [&hellip;]<\/p>\n","protected":false},"author":1,"featured_media":0,"parent":0,"menu_order":0,"comment_status":"closed","ping_status":"closed","template":"lifestyle-hdt.php","meta":{"_acf_changed":false,"footnotes":""},"class_list":["post-29492","page","type-page","status-publish","hentry"],"acf":[],"yoast_head":"<!-- This site is optimized with the Yoast SEO plugin v27.2 - https:\/\/yoast.com\/product\/yoast-seo-wordpress\/ -->\n<title>Specialty: Heavy Duty Trucking - Lucas Oil Products, Inc.<\/title>\n<meta name=\"robots\" content=\"index, follow, max-snippet:-1, max-image-preview:large, max-video-preview:-1\" \/>\n<link rel=\"canonical\" href=\"https:\/\/lucasoil.mx\/es\/specialty-heavy-duty-trucking\/\" \/>\n<meta property=\"og:locale\" content=\"es_ES\" \/>\n<meta property=\"og:type\" content=\"article\" \/>\n<meta property=\"og:title\" content=\"Specialty: Heavy Duty Trucking - Lucas Oil Products, Inc.\" \/>\n<meta property=\"og:description\" content=\"CAMIONES DE EQUIPO PESADO En Lucas comprendemos los desaf\u00edos que enfrentan d\u00eda con d\u00eda los conductores de camiones de equipo pesado y los operadores de flotas. Es por lo que desarrollamos una amplia gama de aditivos para aceite de calidad superior dise\u00f1ados para satisfacer las exigentes demandas de la industria del transporte de carga. Con [&hellip;]\" \/>\n<meta property=\"og:url\" content=\"https:\/\/lucasoil.mx\/es\/specialty-heavy-duty-trucking\/\" \/>\n<meta property=\"og:site_name\" content=\"Lucas Oil Products, Inc.\" \/>\n<meta property=\"article:publisher\" content=\"https:\/\/www.facebook.com\/lucasoilmexico\" \/>\n<meta property=\"article:modified_time\" content=\"2024-11-08T21:09:40+00:00\" \/>\n<meta name=\"twitter:card\" content=\"summary_large_image\" \/>\n<script type=\"application\/ld+json\" class=\"yoast-schema-graph\">{\"@context\":\"https:\/\/schema.org\",\"@graph\":[{\"@type\":\"WebPage\",\"@id\":\"https:\/\/lucasoil.mx\/es\/specialty-heavy-duty-trucking\/\",\"url\":\"https:\/\/lucasoil.mx\/es\/specialty-heavy-duty-trucking\/\",\"name\":\"Specialty: Heavy Duty Trucking - Lucas Oil Products, Inc.\",\"isPartOf\":{\"@id\":\"https:\/\/lucasoil.mx\/es\/#website\"},\"datePublished\":\"2024-04-19T16:13:57+00:00\",\"dateModified\":\"2024-11-08T21:09:40+00:00\",\"breadcrumb\":{\"@id\":\"https:\/\/lucasoil.mx\/es\/specialty-heavy-duty-trucking\/#breadcrumb\"},\"inLanguage\":\"es\",\"potentialAction\":[{\"@type\":\"ReadAction\",\"target\":[\"https:\/\/lucasoil.mx\/es\/specialty-heavy-duty-trucking\/\"]}]},{\"@type\":\"BreadcrumbList\",\"@id\":\"https:\/\/lucasoil.mx\/es\/specialty-heavy-duty-trucking\/#breadcrumb\",\"itemListElement\":[{\"@type\":\"ListItem\",\"position\":1,\"name\":\"Home\",\"item\":\"https:\/\/lucasoil.mx\/es\/\"},{\"@type\":\"ListItem\",\"position\":2,\"name\":\"Specialty: Heavy Duty Trucking\"}]},{\"@type\":\"WebSite\",\"@id\":\"https:\/\/lucasoil.mx\/es\/#website\",\"url\":\"https:\/\/lucasoil.mx\/es\/\",\"name\":\"Lucas Oil Products, Inc.\",\"description\":\"\",\"publisher\":{\"@id\":\"https:\/\/lucasoil.mx\/es\/#organization\"},\"potentialAction\":[{\"@type\":\"SearchAction\",\"target\":{\"@type\":\"EntryPoint\",\"urlTemplate\":\"https:\/\/lucasoil.mx\/es\/?s={search_term_string}\"},\"query-input\":{\"@type\":\"PropertyValueSpecification\",\"valueRequired\":true,\"valueName\":\"search_term_string\"}}],\"inLanguage\":\"es\"},{\"@type\":\"Organization\",\"@id\":\"https:\/\/lucasoil.mx\/es\/#organization\",\"name\":\"Lucas Oil Products, Inc.\",\"url\":\"https:\/\/lucasoil.mx\/es\/\",\"logo\":{\"@type\":\"ImageObject\",\"inLanguage\":\"es\",\"@id\":\"https:\/\/lucasoil.mx\/es\/#\/schema\/logo\/image\/\",\"url\":\"https:\/\/lucasoil.mx\/wp-content\/uploads\/2025\/07\/LucasOil_Letters_White.png\",\"contentUrl\":\"https:\/\/lucasoil.mx\/wp-content\/uploads\/2025\/07\/LucasOil_Letters_White.png\",\"width\":2249,\"height\":407,\"caption\":\"Lucas Oil Products, Inc.\"},\"image\":{\"@id\":\"https:\/\/lucasoil.mx\/es\/#\/schema\/logo\/image\/\"},\"sameAs\":[\"https:\/\/www.facebook.com\/lucasoilmexico\",\"https:\/\/www.instagram.com\/lucasoilmexico\/\"]}]}<\/script>\n<!-- \/ Yoast SEO plugin. -->","yoast_head_json":{"title":"Specialty: Heavy Duty Trucking - Lucas Oil Products, Inc.","robots":{"index":"index","follow":"follow","max-snippet":"max-snippet:-1","max-image-preview":"max-image-preview:large","max-video-preview":"max-video-preview:-1"},"canonical":"https:\/\/lucasoil.mx\/es\/specialty-heavy-duty-trucking\/","og_locale":"es_ES","og_type":"article","og_title":"Specialty: Heavy Duty Trucking - Lucas Oil Products, Inc.","og_description":"CAMIONES DE EQUIPO PESADO En Lucas comprendemos los desaf\u00edos que enfrentan d\u00eda con d\u00eda los conductores de camiones de equipo pesado y los operadores de flotas. Es por lo que desarrollamos una amplia gama de aditivos para aceite de calidad superior dise\u00f1ados para satisfacer las exigentes demandas de la industria del transporte de carga. Con [&hellip;]","og_url":"https:\/\/lucasoil.mx\/es\/specialty-heavy-duty-trucking\/","og_site_name":"Lucas Oil Products, Inc.","article_publisher":"https:\/\/www.facebook.com\/lucasoilmexico","article_modified_time":"2024-11-08T21:09:40+00:00","twitter_card":"summary_large_image","schema":{"@context":"https:\/\/schema.org","@graph":[{"@type":"WebPage","@id":"https:\/\/lucasoil.mx\/es\/specialty-heavy-duty-trucking\/","url":"https:\/\/lucasoil.mx\/es\/specialty-heavy-duty-trucking\/","name":"Specialty: Heavy Duty Trucking - Lucas Oil Products, Inc.","isPartOf":{"@id":"https:\/\/lucasoil.mx\/es\/#website"},"datePublished":"2024-04-19T16:13:57+00:00","dateModified":"2024-11-08T21:09:40+00:00","breadcrumb":{"@id":"https:\/\/lucasoil.mx\/es\/specialty-heavy-duty-trucking\/#breadcrumb"},"inLanguage":"es","potentialAction":[{"@type":"ReadAction","target":["https:\/\/lucasoil.mx\/es\/specialty-heavy-duty-trucking\/"]}]},{"@type":"BreadcrumbList","@id":"https:\/\/lucasoil.mx\/es\/specialty-heavy-duty-trucking\/#breadcrumb","itemListElement":[{"@type":"ListItem","position":1,"name":"Home","item":"https:\/\/lucasoil.mx\/es\/"},{"@type":"ListItem","position":2,"name":"Specialty: Heavy Duty Trucking"}]},{"@type":"WebSite","@id":"https:\/\/lucasoil.mx\/es\/#website","url":"https:\/\/lucasoil.mx\/es\/","name":"Lucas Oil Products, Inc.","description":"","publisher":{"@id":"https:\/\/lucasoil.mx\/es\/#organization"},"potentialAction":[{"@type":"SearchAction","target":{"@type":"EntryPoint","urlTemplate":"https:\/\/lucasoil.mx\/es\/?s={search_term_string}"},"query-input":{"@type":"PropertyValueSpecification","valueRequired":true,"valueName":"search_term_string"}}],"inLanguage":"es"},{"@type":"Organization","@id":"https:\/\/lucasoil.mx\/es\/#organization","name":"Lucas Oil Products, Inc.","url":"https:\/\/lucasoil.mx\/es\/","logo":{"@type":"ImageObject","inLanguage":"es","@id":"https:\/\/lucasoil.mx\/es\/#\/schema\/logo\/image\/","url":"https:\/\/lucasoil.mx\/wp-content\/uploads\/2025\/07\/LucasOil_Letters_White.png","contentUrl":"https:\/\/lucasoil.mx\/wp-content\/uploads\/2025\/07\/LucasOil_Letters_White.png","width":2249,"height":407,"caption":"Lucas Oil Products, Inc."},"image":{"@id":"https:\/\/lucasoil.mx\/es\/#\/schema\/logo\/image\/"},"sameAs":["https:\/\/www.facebook.com\/lucasoilmexico","https:\/\/www.instagram.com\/lucasoilmexico\/"]}]}},"_links":{"self":[{"href":"https:\/\/lucasoil.mx\/es\/wp-json\/wp\/v2\/pages\/29492","targetHints":{"allow":["GET"]}}],"collection":[{"href":"https:\/\/lucasoil.mx\/es\/wp-json\/wp\/v2\/pages"}],"about":[{"href":"https:\/\/lucasoil.mx\/es\/wp-json\/wp\/v2\/types\/page"}],"author":[{"embeddable":true,"href":"https:\/\/lucasoil.mx\/es\/wp-json\/wp\/v2\/users\/1"}],"replies":[{"embeddable":true,"href":"https:\/\/lucasoil.mx\/es\/wp-json\/wp\/v2\/comments?post=29492"}],"version-history":[{"count":1,"href":"https:\/\/lucasoil.mx\/es\/wp-json\/wp\/v2\/pages\/29492\/revisions"}],"predecessor-version":[{"id":29493,"href":"https:\/\/lucasoil.mx\/es\/wp-json\/wp\/v2\/pages\/29492\/revisions\/29493"}],"wp:attachment":[{"href":"https:\/\/lucasoil.mx\/es\/wp-json\/wp\/v2\/media?parent=29492"}],"curies":[{"name":"wp","href":"https:\/\/api.w.org\/{rel}","templated":true}]}}