{"id":29486,"date":"2024-01-24T16:08:03","date_gmt":"2024-01-24T21:08:03","guid":{"rendered":"https:\/\/lucasoil.mx\/nuestra-historia\/"},"modified":"2025-06-25T10:26:13","modified_gmt":"2025-06-25T14:26:13","slug":"nuestra-historia","status":"publish","type":"page","link":"https:\/\/lucasoil.mx\/es\/nuestra-historia\/","title":{"rendered":"Nuestra historia"},"content":{"rendered":"<div class=\"gb-container gb-container-c2ccbf2a\">\n\n<div class=\"wp-block-columns is-layout-flex wp-container-core-columns-is-layout-9d6595d7 wp-block-columns-is-layout-flex\">\n<div class=\"wp-block-column is-layout-flow wp-block-column-is-layout-flow\" style=\"flex-basis:33.33%\"><div class=\"wp-block-image\">\n<figure class=\"aligncenter size-large\"><img loading=\"lazy\" decoding=\"async\" width=\"1024\" height=\"740\" src=\"https:\/\/lucasoil.mx:8888\/wp-content\/uploads\/2024\/01\/Forrest-and-Charlotte-lab-oil-test-1024x740.jpg\" alt=\"Prueba de laboratorio de Forrest y Charlotte\" class=\"wp-image-14\" srcset=\"https:\/\/lucasoil.mx\/wp-content\/uploads\/2024\/01\/Forrest-and-Charlotte-lab-oil-test-1024x740.jpg 1024w, https:\/\/lucasoil.mx\/wp-content\/uploads\/2024\/01\/Forrest-and-Charlotte-lab-oil-test-300x217.jpg 300w, https:\/\/lucasoil.mx\/wp-content\/uploads\/2024\/01\/Forrest-and-Charlotte-lab-oil-test-768x555.jpg 768w, https:\/\/lucasoil.mx\/wp-content\/uploads\/2024\/01\/Forrest-and-Charlotte-lab-oil-test-1536x1110.jpg 1536w, https:\/\/lucasoil.mx\/wp-content\/uploads\/2024\/01\/Forrest-and-Charlotte-lab-oil-test-2048x1480.jpg 2048w\" sizes=\"auto, (max-width: 1024px) 100vw, 1024px\" \/><\/figure>\n<\/div>\n\n<div class=\"wp-block-image\">\n<figure class=\"aligncenter size-full\"><img loading=\"lazy\" decoding=\"async\" width=\"600\" height=\"400\" src=\"https:\/\/lucasoil.mx:8888\/wp-content\/uploads\/2024\/01\/Forrest-Lucas-10-24-2017-1.jpg\" alt=\"Bosque Lucas\" class=\"wp-image-20\" srcset=\"https:\/\/lucasoil.mx\/wp-content\/uploads\/2024\/01\/Forrest-Lucas-10-24-2017-1.jpg 600w, https:\/\/lucasoil.mx\/wp-content\/uploads\/2024\/01\/Forrest-Lucas-10-24-2017-1-300x200.jpg 300w\" sizes=\"auto, (max-width: 600px) 100vw, 600px\" \/><\/figure>\n<\/div><\/div>\n\n\n\n<div class=\"wp-block-column is-layout-flow wp-block-column-is-layout-flow\" style=\"flex-basis:66.66%\">\n<h2 class=\"gb-headline gb-headline-1860308c gb-headline-text ng-font\">LA HISTORIA DE LUCAS<\/h2>\n\n\n\n<p><strong>Empresa familiar, fabricante l\u00edder en Am\u00e9rica, enfocada en el cliente:<\/strong> Lucas brilla como una orgullosa marca estadounidense que encarna una combinaci\u00f3n \u00fanica de liderazgo familiar, manufactura nacional, soluciones cient\u00edficamente superiores y un compromiso con el impacto en la comunidad.<\/p>\n\n\n\n<p>Durante m\u00e1s de 35 a\u00f1os, hemos establecido los est\u00e1ndares m\u00e1s altos de excelencia a nivel mundial en la fabricaci\u00f3n de aceites para motor, aditivos, productos de cuidado y apariencia automotriz, y lubricantes superiores. Somos l\u00edderes y empoderamos estilos de vida en el \u00e1mbito automotriz, el sector de deportes de motor, de camiones de equipo pesado, aplicaciones marinas y deportes al aire libre, y productos industriales y dom\u00e9sticos. <\/p>\n\n\n\n<p>Nuestra r\u00e1pida expansi\u00f3n y presencia global est\u00e1 impulsada por la investigaci\u00f3n y el desarrollo vanguardista, canales de distribuci\u00f3n avanzados y nuestras operaciones de fabricaci\u00f3n de alta tecnolog\u00eda. Ofrecemos m\u00e1s de 300 productos de alta gama que nos convierte en la empresa petrolera en los Estados Unidos con la mayor variedad de productos disponibles en el mercado. Adem\u00e1s, contamos con una red de distribuci\u00f3n en 48 pa\u00edses y nuestros productos se venden en Amazon, Walmart, AutoZone, O\u2019Reilly Auto Parts, Advance Auto Parts, NAPA Auto Parts, entre muchos otros establecimientos comerciales.  <\/p>\n\n\n\n<p><strong>Productos de calidad superior y de rendimiento comprobado:<\/strong> Nuestros fundadores, Forrest y Charlotte Lucas, iniciaron la empresa al desarrollar f\u00f3rmulas exclusivas, patentadas y efectivas que permiten a los motores funcionar a temperaturas m\u00e1s bajas y de manera m\u00e1s limpia, lo cual maximiz\u00f3 la confiabilidad de las flotas de camiones a lo largo de todo el pa\u00eds. A partir de entonces, nuestra investigaci\u00f3n vanguardista y nuestros esfuerzos inquebrantables ha hecho que los pilotos profesionales de las comunidades m\u00e1s c\u00e9lebres del automovilismo en el mundo conf\u00eden en los aceites para motor, aditivos, lubricantes y otros productos de Lucas para satisfacer sus necesidades m\u00e1s exigentes. Nuestro incansable compromiso de marca es ofrecer las soluciones m\u00e1s avanzadas y con el mejor rendimiento a cada uno de nuestros clientes y socios por igual. Ya sea en las pistas de carreras o en los trayectos cotidianos, todos pueden disfrutar los beneficios de nuestros esfuerzos exhaustivos para resolver problemas y optimizar el desempe\u00f1o.  <\/p>\n\n\n\n<p><strong>Productos que superan las expectativas:<\/strong> Tras d\u00e9cadas de demostrar nuestra resiliencia dentro y fuera de las pistas, nuestra marca se caracteriza por su calidad y rendimiento inigualable. Nuestra amplia gama de productos incluye una gran variedad de aditivos, aceites para motor, aceites para engranajes, lubricantes y productos de cuidado y apariencia automotriz. Todos nuestros productos est\u00e1n espec\u00edficamente dise\u00f1ados para mejorar el rendimiento de autos, camiones, veh\u00edculos todoterreno, embarcaciones, motocicletas, veh\u00edculos para deportes motorizados y al aire libre: esencialmente, cualquier cosa que tenga un motor y muchas otras aplicaciones m\u00e1s. <\/p>\n\n\n\n<p>Desde f\u00f3rmulas de alto rendimiento cient\u00edficamente avanzadas hasta soluciones pr\u00e1cticas para el hogar como pulidores para metales de electrodom\u00e9sticos y aceites de penetraci\u00f3n profunda, nuestros productos son la opci\u00f3n preferida de mec\u00e1nicos, conductores de camiones, due\u00f1os de autos cl\u00e1sicos, agricultores, administradores de flotas y de familias que exigen lo mejor. Los profesionales y los entusiastas por igual conf\u00edan en Lucas. <\/p>\n<\/div>\n<\/div>\n\n<\/div>\n\n<div class=\"gb-container gb-container-5901ce4a\">\n<div class=\"gb-container gb-container-cf7ef6b6\">\n<div class=\"gb-grid-wrapper gb-grid-wrapper-9d32e17f wp-grid-full-width\">\n<div class=\"gb-grid-column gb-grid-column-5e94c381\"><div class=\"gb-container gb-container-5e94c381\">\n\n<p><strong>Prolongamos el legado familiar de excelencia:<\/strong> Nuestro director general, Morgan Lucas y nuestra presidenta Katie Lucas personifican nuestra cultura familiar y est\u00e1n comprometidos con prolongar el legado que iniciaron los fundadores de nuestra empresa. La pareja de esposos devotos dirige la marca hacia un futuro brillante y abrazan nuestros valores, innovaci\u00f3n y compromiso con la excelencia que se refleja en todos nuestros productos y nuestra gente. <\/p>\n\n\n\n<p>La pareja est\u00e1 enfocada en optimizar la capacidad de la empresa para resolver problemas y ofrecer soluciones avanzadas como lo hizo nuestro fundador Forrest Lucas, quien cambi\u00f3 la gesti\u00f3n de flotas para bien. Ambos est\u00e1n dedicados a consolidar a Lucas Oil como empresa pionera en el sector para aprovechar las oportunidades y enfrentar los desaf\u00edos que se presenten en la industria automotriz en constante evoluci\u00f3n. Y, a la vez, mantener un fuerte enfoque en las contribuciones a organizaciones sin fines de lucro locales y nacionales para ganarse el reconocimiento como l\u00edderes empresariales y servidores comunitarios. <\/p>\n\n\n\n<p><strong>Nuestra cultura de colaboraci\u00f3n comunitaria: <\/strong>Nuestro equipo est\u00e1 comprometido con hacer lo correcto, de la manera correcta y por las razones correctas. Mejorar las vidas de nuestra gente, clientes y de las personas en nuestras comunidades.<\/p>\n\n\n\n<p>La misi\u00f3n de Lucas Oil es crear soluciones superiores para resolver problemas cotidianos y mejorar la vida de nuestra gente, clientes y de las personas en nuestras comunidades. Nuestros valores fundamentales: confianza, servicio, trabajo en equipo, valent\u00eda y pasi\u00f3n impulsan nuestro compromiso con la integridad, autenticidad y excelencia. <\/p>\n\n\n\n<p>\u201cMejorar las vidas de las personas e influir de manera positiva en la sociedad\u201d es m\u00e1s que una afirmaci\u00f3n, es un reflejo de nuestros valores fundamentales y es la base y la orientaci\u00f3n de todo lo que hacemos. A medida que Lucas contin\u00faa evolucionando, nuestra dedicaci\u00f3n y esfuerzos para satisfacer a nuestros clientes, nuestra integridad, autenticidad y nuestro compromiso para mejorar las comunidades donde operamos se mantienen firmes. Estamos comprometidos con propiciar un entorno de innovaci\u00f3n, adoptar los cambios y trabajar juntos como un equipo fuerte y una extraordinaria capacidad para resolver los problemas que enfrentemos.  <\/p>\n\n<\/div><\/div>\n\n<div class=\"gb-grid-column gb-grid-column-79b67226\"><div class=\"gb-container gb-container-79b67226\">\n<div class=\"wp-block-image\">\n<figure class=\"aligncenter size-large\"><img loading=\"lazy\" decoding=\"async\" width=\"1536\" height=\"1508\" src=\"\/wp-content\/uploads\/2024\/01\/2023_0627_Lucas_Family-1536x1508-1.jpg\" alt=\"\" class=\"wp-image-35\" style=\"object-fit:cover\" srcset=\"https:\/\/lucasoil.mx\/wp-content\/uploads\/2024\/01\/2023_0627_Lucas_Family-1536x1508-1.jpg 1536w, https:\/\/lucasoil.mx\/wp-content\/uploads\/2024\/01\/2023_0627_Lucas_Family-1536x1508-1-300x295.jpg 300w, https:\/\/lucasoil.mx\/wp-content\/uploads\/2024\/01\/2023_0627_Lucas_Family-1536x1508-1-1024x1005.jpg 1024w, https:\/\/lucasoil.mx\/wp-content\/uploads\/2024\/01\/2023_0627_Lucas_Family-1536x1508-1-768x754.jpg 768w\" sizes=\"auto, (max-width: 1536px) 100vw, 1536px\" \/><\/figure>\n<\/div>\n<\/div><\/div>\n<\/div>\n<\/div>\n<\/div>\n\n<div class=\"gb-container gb-container-a68ea175\">\n\n<div class=\"wp-block-columns is-layout-flex wp-container-core-columns-is-layout-9d6595d7 wp-block-columns-is-layout-flex\">\n<div class=\"wp-block-column is-layout-flow wp-block-column-is-layout-flow\" style=\"flex-basis:50%\"><div class=\"wp-block-image\">\n<figure class=\"aligncenter size-full\"><img loading=\"lazy\" decoding=\"async\" width=\"720\" height=\"412\" src=\"https:\/\/lucasoil.mx\/wp-content\/uploads\/2024\/05\/cipf.jpg\" alt=\"\" class=\"wp-image-1191\" srcset=\"https:\/\/lucasoil.mx\/wp-content\/uploads\/2024\/05\/cipf.jpg 720w, https:\/\/lucasoil.mx\/wp-content\/uploads\/2024\/05\/cipf-300x172.jpg 300w\" sizes=\"auto, (max-width: 720px) 100vw, 720px\" \/><\/figure>\n<\/div><\/div>\n\n\n\n<div class=\"wp-block-column is-layout-flow wp-block-column-is-layout-flow\" style=\"flex-basis:50%\">\n<p><strong>Compromiso con el futuro:<\/strong> Seguimos dedicados a superar las expectativas de nuestros clientes y de nuestras comunidades. Seguimos ampliando nuestra presencia global impulsada por la investigaci\u00f3n y el desarrollo vanguardista, canales de distribuci\u00f3n avanzados y nuestras operaciones de fabricaci\u00f3n de alta tecnolog\u00eda. Orientando nuestra direcci\u00f3n estrat\u00e9gica hacia el futuro con extraordinario optimismo.  <\/p>\n\n\n\n<p><strong>Somos Lucas Oil.<\/strong><\/p>\n<\/div>\n<\/div>\n\n<\/div>\n\n<div class=\"gb-container gb-container-10516a2d\">\n<div class=\"gb-container gb-container-a8b1c586\">\n\n<h2 class=\"gb-headline gb-headline-8b46a405 gb-headline-text\">NUESTRA MISI\u00d3N, VISI\u00d3N Y VALORES<\/h2>\n\n\n<div class=\"gb-grid-wrapper gb-grid-wrapper-a87dab19\">\n<div class=\"gb-grid-column gb-grid-column-bb7227e5\"><div class=\"gb-container gb-container-bb7227e5\">\n\n<h4 class=\"wp-block-heading ng-font\">MISI\u00d3N<\/h4>\n\n\n\n<p>Tenemos el compromiso inquebrantable de crear soluciones superiores para resolver problemas cotidianos.<\/p>\n\n\n\n<h4 class=\"wp-block-heading ng-font\">VISI\u00d3N<\/h4>\n\n\n\n<p>Mejorar las vidas de las personas e influir de manera positiva en la sociedad.<\/p>\n\n\n<div class=\"gb-container gb-container-5684af72\">\n\n<figure class=\"wp-block-embed aligncenter is-type-video is-provider-youtube wp-block-embed-youtube yt-100 wp-embed-aspect-16-9 wp-has-aspect-ratio\"><div class=\"wp-block-embed__wrapper\">\n<div class=\"yt-video\"><iframe loading=\"lazy\" title=\"Lucas Oil Products Mission, Vision, and Value Statement\" width=\"500\" height=\"281\" src=\"https:\/\/www.youtube.com\/embed\/Oa23rGddmg8?feature=oembed\" frameborder=\"0\" allow=\"accelerometer; autoplay; clipboard-write; encrypted-media; gyroscope; picture-in-picture; web-share\" referrerpolicy=\"strict-origin-when-cross-origin\" allowfullscreen><\/iframe><\/div>\n<\/div><\/figure>\n\n<\/div>\n<\/div><\/div>\n\n<div class=\"gb-grid-column gb-grid-column-31ec22bc\"><div class=\"gb-container gb-container-31ec22bc\">\n\n<h4 class=\"wp-block-heading ng-font\">VALORES<\/h4>\n\n\n\n<p>Somos persistentes en nuestros esfuerzos para mejorar la satisfacci\u00f3n de los clientes.<\/p>\n\n\n\n<p>Estamos comprometidos con la integridad, autenticidad y excelencia.<\/p>\n\n\n\n<p>Somos innovadores, creativos y adoptamos los cambios.<\/p>\n\n\n\n<p>Invertimos en las vidas de nuestra gente.<\/p>\n\n\n\n<p>Estamos dedicados a mejorar nuestras comunidades.<\/p>\n\n\n\n<p>Somos m\u00e1s fuertes cuando trabajamos juntos.<\/p>\n\n\n\n<p>Somos solucionadores de problemas.<\/p>\n\n\n\n<h4 class=\"wp-block-heading ng-font\">SOMOS LUCAS OIL.<\/h4>\n\n<\/div><\/div>\n<\/div>\n<\/div>\n<\/div>\n\n<div class=\"gb-container gb-container-79f3adb9\">\n<div class=\"gb-container gb-container-0ba605ea story-contact-container\">\n\n<h2 class=\"gb-headline gb-headline-2c8f2a5f gb-headline-text\">INFORMACI\u00d3N DE CONTACTO POR PA\u00cdS\/REGI\u00d3N<\/h2>\n\n\n<div class=\"gb-grid-wrapper gb-grid-wrapper-74b1e36b\">\n<div class=\"gb-grid-column gb-grid-column-cbebbfd6\"><div class=\"gb-container gb-container-cbebbfd6\">\n\n<h3 class=\"wp-block-heading ng-font\" style=\"font-size:26px\">ESTADOS UNIDOS<\/h3>\n\n\n\n<p style=\"font-size:18px\"><strong>OFICINAS CORPORATIVAS<\/strong><br><a href=\"https:\/\/goo.gl\/maps\/YpGPzUt8QmFyWLgq7?coh=178571&amp;entry=tt\" target=\"_blank\" rel=\"noreferrer noopener\">1310 E. 96th St. Suite 200<br>Indianapolis, IN 46240<\/a><br>Toll Free: (800) 342-2512<br>Fax: (951) 270-1902<\/p>\n\n\n\n<p style=\"font-size:18px\"><strong>PLANTA DE PRODUCCI\u00d3N<\/strong><br><a href=\"https:\/\/goo.gl\/maps\/Kc8JQPXqtysZPG759?coh=178571&amp;entry=tt\" target=\"_blank\" rel=\"noreferrer noopener\">3199 Harrison Way NW<br>Corydon, Indiana 47112-6903<\/a><\/p>\n\n<\/div><\/div>\n\n<div class=\"gb-grid-column gb-grid-column-be9a7ec2\"><div class=\"gb-container gb-container-be9a7ec2\">\n\n<h3 class=\"wp-block-heading ng-font\" style=\"font-size:26px\">CANAD\u00c1<\/h3>\n\n\n\n<p style=\"font-size:16px\">N\u00famero telef\u00f3nico gratuito:: (800) 342-2512<br>Fax: (888) 281-7373<br><a href=\"https:\/\/www.lucasoil.ca\/\">LucasOil.ca<\/a><\/p>\n\n\n\n<h3 class=\"wp-block-heading ng-font\" style=\"font-size:26px\">REINO UNIDO<\/h3>\n\n\n\n<p style=\"font-size:18px\"><strong>LUCAS OIL PRODUCTS UK LTD<br><\/strong><a href=\"https:\/\/www.google.com\/search?q=Unit+4+Cunliffe+Drive%0D%0ALlangefni+Industrial+Estate%0D%0ALlangefni%0D%0AAnglesey%0D%0ALL77+7JA&amp;rlz=1C1CHBF_enUS1001US1001&amp;tbm=lcl&amp;sxsrf=APwXEdeeJhKCbfa8fsjULFzqnuFPtVMAZA%3A1683059545062&amp;ei=WXNRZNjFA4mjkPIPzd2s2AE&amp;ved=0ahUKEwiY1sayvdf-AhWJEUQIHc0uCxsQ4dUDCAk&amp;uact=5&amp;oq=Unit+4+Cunliffe+Drive%0D%0ALlangefni+Industrial+Estate%0D%0ALlangefni%0D%0AAnglesey%0D%0ALL77+7JA&amp;gs_lcp=Cg1nd3Mtd2l6LWxvY2FsEANQAFgAYABoAHAAeACAAQCIAQCSAQCYAQCgAQKgAQE&amp;sclient=gws-wiz-local#rlfi=hd:;si:;mv:%5B%5B53.25313007731903,-4.304905177119305%5D,%5B53.252770122680964,-4.3055068228806945%5D%5D\" target=\"_blank\" rel=\"noreferrer noopener\">Unit 4 Cunliffe Drive<br>Llangefni Industrial Estate<br>Llangefni<br>Anglesey<br>LL77 7JA<\/a><br>Tel\u00e9fono: +44 (0) 1248-723-666<br><a href=\"https:\/\/www.lucasoil.co.uk\/\" target=\"_blank\" rel=\"noreferrer noopener\">LucasOil.co.uk<\/a><\/p>\n\n<\/div><\/div>\n\n<div class=\"gb-grid-column gb-grid-column-2149bf20\"><div class=\"gb-container gb-container-2149bf20\">\n\n<h3 class=\"wp-block-heading has-text-align-center ng-font\" style=\"font-size:26px\">M\u00c9XICO<\/h3>\n\n\n\n<p class=\"has-text-align-center\" style=\"font-size:16px\">N\u00famero telef\u00f3nico gratuito: (800) 342-2512<br><a href=\"https:\/\/lucasoil.mx\/\">LucasOil.mx<\/a><\/p>\n\n\n\n<h3 class=\"wp-block-heading has-text-align-center ng-font\" style=\"font-size:26px\">EUROPA<\/h3>\n\n\n\n<p class=\"has-text-align-center\" style=\"font-size:18px\"><strong>Lucas Oil Products Europe Ltd<br><\/strong>Block 3 Harcourt Centre<br>Harcourt Road<br>Dublin 2<br>Ireland<br>Tel\u00e9fono: +44 344 225 5400<br><a href=\"http:\/\/lucasoil.eu.com\/\">LucasOil.eu.com<\/a><\/p>\n\n<\/div><\/div>\n<\/div>\n<\/div>\n<\/div>","protected":false},"excerpt":{"rendered":"<p>LA HISTORIA DE LUCAS Empresa familiar, fabricante l\u00edder en Am\u00e9rica, enfocada en el cliente: Lucas brilla como una orgullosa marca estadounidense que encarna una combinaci\u00f3n \u00fanica de liderazgo familiar, manufactura nacional, soluciones cient\u00edficamente superiores y un compromiso con el impacto en la comunidad. Durante m\u00e1s de 35 a\u00f1os, hemos establecido los est\u00e1ndares m\u00e1s altos de [&hellip;]<\/p>\n","protected":false},"author":1,"featured_media":0,"parent":0,"menu_order":0,"comment_status":"closed","ping_status":"closed","template":"","meta":{"_acf_changed":false,"footnotes":""},"class_list":["post-29486","page","type-page","status-publish","hentry"],"acf":[],"yoast_head":"<!-- This site is optimized with the Yoast SEO plugin v27.2 - https:\/\/yoast.com\/product\/yoast-seo-wordpress\/ -->\n<title>Nuestra historia - Lucas Oil Products, Inc.<\/title>\n<meta name=\"robots\" content=\"index, follow, max-snippet:-1, max-image-preview:large, max-video-preview:-1\" \/>\n<link rel=\"canonical\" href=\"https:\/\/lucasoil.mx\/es\/nuestra-historia\/\" \/>\n<meta property=\"og:locale\" content=\"es_ES\" \/>\n<meta property=\"og:type\" content=\"article\" \/>\n<meta property=\"og:title\" content=\"Nuestra historia - Lucas Oil Products, Inc.\" \/>\n<meta property=\"og:description\" content=\"LA HISTORIA DE LUCAS Empresa familiar, fabricante l\u00edder en Am\u00e9rica, enfocada en el cliente: Lucas brilla como una orgullosa marca estadounidense que encarna una combinaci\u00f3n \u00fanica de liderazgo familiar, manufactura nacional, soluciones cient\u00edficamente superiores y un compromiso con el impacto en la comunidad. Durante m\u00e1s de 35 a\u00f1os, hemos establecido los est\u00e1ndares m\u00e1s altos de [&hellip;]\" \/>\n<meta property=\"og:url\" content=\"https:\/\/lucasoil.mx\/es\/nuestra-historia\/\" \/>\n<meta property=\"og:site_name\" content=\"Lucas Oil Products, Inc.\" \/>\n<meta property=\"article:publisher\" content=\"https:\/\/www.facebook.com\/lucasoilmexico\" \/>\n<meta property=\"article:modified_time\" content=\"2025-06-25T14:26:13+00:00\" \/>\n<meta property=\"og:image\" content=\"https:\/\/lucasoil.mx:8888\/wp-content\/uploads\/2024\/01\/Forrest-and-Charlotte-lab-oil-test-1024x740.jpg\" \/>\n<meta name=\"twitter:card\" content=\"summary_large_image\" \/>\n<meta name=\"twitter:label1\" content=\"Tiempo de lectura\" \/>\n\t<meta name=\"twitter:data1\" content=\"6 minutos\" \/>\n<script type=\"application\/ld+json\" class=\"yoast-schema-graph\">{\"@context\":\"https:\/\/schema.org\",\"@graph\":[{\"@type\":\"WebPage\",\"@id\":\"https:\/\/lucasoil.mx\/es\/nuestra-historia\/\",\"url\":\"https:\/\/lucasoil.mx\/es\/nuestra-historia\/\",\"name\":\"Nuestra historia - Lucas Oil Products, Inc.\",\"isPartOf\":{\"@id\":\"https:\/\/lucasoil.mx\/es\/#website\"},\"primaryImageOfPage\":{\"@id\":\"https:\/\/lucasoil.mx\/es\/nuestra-historia\/#primaryimage\"},\"image\":{\"@id\":\"https:\/\/lucasoil.mx\/es\/nuestra-historia\/#primaryimage\"},\"thumbnailUrl\":\"https:\/\/lucasoil.mx:8888\/wp-content\/uploads\/2024\/01\/Forrest-and-Charlotte-lab-oil-test-1024x740.jpg\",\"datePublished\":\"2024-01-24T21:08:03+00:00\",\"dateModified\":\"2025-06-25T14:26:13+00:00\",\"breadcrumb\":{\"@id\":\"https:\/\/lucasoil.mx\/es\/nuestra-historia\/#breadcrumb\"},\"inLanguage\":\"es\",\"potentialAction\":[{\"@type\":\"ReadAction\",\"target\":[\"https:\/\/lucasoil.mx\/es\/nuestra-historia\/\"]}]},{\"@type\":\"ImageObject\",\"inLanguage\":\"es\",\"@id\":\"https:\/\/lucasoil.mx\/es\/nuestra-historia\/#primaryimage\",\"url\":\"https:\/\/lucasoil.mx:8888\/wp-content\/uploads\/2024\/01\/Forrest-and-Charlotte-lab-oil-test-1024x740.jpg\",\"contentUrl\":\"https:\/\/lucasoil.mx:8888\/wp-content\/uploads\/2024\/01\/Forrest-and-Charlotte-lab-oil-test-1024x740.jpg\"},{\"@type\":\"BreadcrumbList\",\"@id\":\"https:\/\/lucasoil.mx\/es\/nuestra-historia\/#breadcrumb\",\"itemListElement\":[{\"@type\":\"ListItem\",\"position\":1,\"name\":\"Home\",\"item\":\"https:\/\/lucasoil.mx\/es\/\"},{\"@type\":\"ListItem\",\"position\":2,\"name\":\"Nuestra historia\"}]},{\"@type\":\"WebSite\",\"@id\":\"https:\/\/lucasoil.mx\/es\/#website\",\"url\":\"https:\/\/lucasoil.mx\/es\/\",\"name\":\"Lucas Oil Products, Inc.\",\"description\":\"\",\"publisher\":{\"@id\":\"https:\/\/lucasoil.mx\/es\/#organization\"},\"potentialAction\":[{\"@type\":\"SearchAction\",\"target\":{\"@type\":\"EntryPoint\",\"urlTemplate\":\"https:\/\/lucasoil.mx\/es\/?s={search_term_string}\"},\"query-input\":{\"@type\":\"PropertyValueSpecification\",\"valueRequired\":true,\"valueName\":\"search_term_string\"}}],\"inLanguage\":\"es\"},{\"@type\":\"Organization\",\"@id\":\"https:\/\/lucasoil.mx\/es\/#organization\",\"name\":\"Lucas Oil Products, Inc.\",\"url\":\"https:\/\/lucasoil.mx\/es\/\",\"logo\":{\"@type\":\"ImageObject\",\"inLanguage\":\"es\",\"@id\":\"https:\/\/lucasoil.mx\/es\/#\/schema\/logo\/image\/\",\"url\":\"https:\/\/lucasoil.mx\/wp-content\/uploads\/2025\/07\/LucasOil_Letters_White.png\",\"contentUrl\":\"https:\/\/lucasoil.mx\/wp-content\/uploads\/2025\/07\/LucasOil_Letters_White.png\",\"width\":2249,\"height\":407,\"caption\":\"Lucas Oil Products, Inc.\"},\"image\":{\"@id\":\"https:\/\/lucasoil.mx\/es\/#\/schema\/logo\/image\/\"},\"sameAs\":[\"https:\/\/www.facebook.com\/lucasoilmexico\",\"https:\/\/www.instagram.com\/lucasoilmexico\/\"]}]}<\/script>\n<!-- \/ Yoast SEO plugin. -->","yoast_head_json":{"title":"Nuestra historia - Lucas Oil Products, Inc.","robots":{"index":"index","follow":"follow","max-snippet":"max-snippet:-1","max-image-preview":"max-image-preview:large","max-video-preview":"max-video-preview:-1"},"canonical":"https:\/\/lucasoil.mx\/es\/nuestra-historia\/","og_locale":"es_ES","og_type":"article","og_title":"Nuestra historia - Lucas Oil Products, Inc.","og_description":"LA HISTORIA DE LUCAS Empresa familiar, fabricante l\u00edder en Am\u00e9rica, enfocada en el cliente: Lucas brilla como una orgullosa marca estadounidense que encarna una combinaci\u00f3n \u00fanica de liderazgo familiar, manufactura nacional, soluciones cient\u00edficamente superiores y un compromiso con el impacto en la comunidad. Durante m\u00e1s de 35 a\u00f1os, hemos establecido los est\u00e1ndares m\u00e1s altos de [&hellip;]","og_url":"https:\/\/lucasoil.mx\/es\/nuestra-historia\/","og_site_name":"Lucas Oil Products, Inc.","article_publisher":"https:\/\/www.facebook.com\/lucasoilmexico","article_modified_time":"2025-06-25T14:26:13+00:00","og_image":[{"url":"https:\/\/lucasoil.mx:8888\/wp-content\/uploads\/2024\/01\/Forrest-and-Charlotte-lab-oil-test-1024x740.jpg","type":"","width":"","height":""}],"twitter_card":"summary_large_image","twitter_misc":{"Tiempo de lectura":"6 minutos"},"schema":{"@context":"https:\/\/schema.org","@graph":[{"@type":"WebPage","@id":"https:\/\/lucasoil.mx\/es\/nuestra-historia\/","url":"https:\/\/lucasoil.mx\/es\/nuestra-historia\/","name":"Nuestra historia - Lucas Oil Products, Inc.","isPartOf":{"@id":"https:\/\/lucasoil.mx\/es\/#website"},"primaryImageOfPage":{"@id":"https:\/\/lucasoil.mx\/es\/nuestra-historia\/#primaryimage"},"image":{"@id":"https:\/\/lucasoil.mx\/es\/nuestra-historia\/#primaryimage"},"thumbnailUrl":"https:\/\/lucasoil.mx:8888\/wp-content\/uploads\/2024\/01\/Forrest-and-Charlotte-lab-oil-test-1024x740.jpg","datePublished":"2024-01-24T21:08:03+00:00","dateModified":"2025-06-25T14:26:13+00:00","breadcrumb":{"@id":"https:\/\/lucasoil.mx\/es\/nuestra-historia\/#breadcrumb"},"inLanguage":"es","potentialAction":[{"@type":"ReadAction","target":["https:\/\/lucasoil.mx\/es\/nuestra-historia\/"]}]},{"@type":"ImageObject","inLanguage":"es","@id":"https:\/\/lucasoil.mx\/es\/nuestra-historia\/#primaryimage","url":"https:\/\/lucasoil.mx:8888\/wp-content\/uploads\/2024\/01\/Forrest-and-Charlotte-lab-oil-test-1024x740.jpg","contentUrl":"https:\/\/lucasoil.mx:8888\/wp-content\/uploads\/2024\/01\/Forrest-and-Charlotte-lab-oil-test-1024x740.jpg"},{"@type":"BreadcrumbList","@id":"https:\/\/lucasoil.mx\/es\/nuestra-historia\/#breadcrumb","itemListElement":[{"@type":"ListItem","position":1,"name":"Home","item":"https:\/\/lucasoil.mx\/es\/"},{"@type":"ListItem","position":2,"name":"Nuestra historia"}]},{"@type":"WebSite","@id":"https:\/\/lucasoil.mx\/es\/#website","url":"https:\/\/lucasoil.mx\/es\/","name":"Lucas Oil Products, Inc.","description":"","publisher":{"@id":"https:\/\/lucasoil.mx\/es\/#organization"},"potentialAction":[{"@type":"SearchAction","target":{"@type":"EntryPoint","urlTemplate":"https:\/\/lucasoil.mx\/es\/?s={search_term_string}"},"query-input":{"@type":"PropertyValueSpecification","valueRequired":true,"valueName":"search_term_string"}}],"inLanguage":"es"},{"@type":"Organization","@id":"https:\/\/lucasoil.mx\/es\/#organization","name":"Lucas Oil Products, Inc.","url":"https:\/\/lucasoil.mx\/es\/","logo":{"@type":"ImageObject","inLanguage":"es","@id":"https:\/\/lucasoil.mx\/es\/#\/schema\/logo\/image\/","url":"https:\/\/lucasoil.mx\/wp-content\/uploads\/2025\/07\/LucasOil_Letters_White.png","contentUrl":"https:\/\/lucasoil.mx\/wp-content\/uploads\/2025\/07\/LucasOil_Letters_White.png","width":2249,"height":407,"caption":"Lucas Oil Products, Inc."},"image":{"@id":"https:\/\/lucasoil.mx\/es\/#\/schema\/logo\/image\/"},"sameAs":["https:\/\/www.facebook.com\/lucasoilmexico","https:\/\/www.instagram.com\/lucasoilmexico\/"]}]}},"_links":{"self":[{"href":"https:\/\/lucasoil.mx\/es\/wp-json\/wp\/v2\/pages\/29486","targetHints":{"allow":["GET"]}}],"collection":[{"href":"https:\/\/lucasoil.mx\/es\/wp-json\/wp\/v2\/pages"}],"about":[{"href":"https:\/\/lucasoil.mx\/es\/wp-json\/wp\/v2\/types\/page"}],"author":[{"embeddable":true,"href":"https:\/\/lucasoil.mx\/es\/wp-json\/wp\/v2\/users\/1"}],"replies":[{"embeddable":true,"href":"https:\/\/lucasoil.mx\/es\/wp-json\/wp\/v2\/comments?post=29486"}],"version-history":[{"count":3,"href":"https:\/\/lucasoil.mx\/es\/wp-json\/wp\/v2\/pages\/29486\/revisions"}],"predecessor-version":[{"id":30110,"href":"https:\/\/lucasoil.mx\/es\/wp-json\/wp\/v2\/pages\/29486\/revisions\/30110"}],"wp:attachment":[{"href":"https:\/\/lucasoil.mx\/es\/wp-json\/wp\/v2\/media?parent=29486"}],"curies":[{"name":"wp","href":"https:\/\/api.w.org\/{rel}","templated":true}]}}