{"id":29463,"date":"2024-04-18T16:33:48","date_gmt":"2024-04-18T20:33:48","guid":{"rendered":"https:\/\/lucasoil.mx\/category-transmission\/"},"modified":"2024-10-11T11:27:57","modified_gmt":"2024-10-11T15:27:57","slug":"category-transmission","status":"publish","type":"page","link":"https:\/\/lucasoil.mx\/es\/category-transmission\/","title":{"rendered":"Category: Transmission"},"content":{"rendered":"\n<h2 class=\"gb-headline gb-headline-4050bdb5 gb-headline-text\">TRANSMISI\u00d3N<\/h2>\n\n<p>Nuestras mezclas est\u00e1n formuladas espec\u00edficamente para eliminar los ruidos, evitar el deslizamiento, detener las fugas, proteger contra el desgaste y evitar los cambios bruscos, adem\u00e1s de extender significativamente la vida \u00fatil de las transmisiones de una amplia gama de diversas aplicaciones. Los productos para la transmisi\u00f3n de Lucas brindan cambios m\u00e1s suaves y confiables y son ideales para las transmisiones desgastadas, equipo agr\u00edcola, autos de pasajeros, cortadoras de c\u00e9sped, camiones de equipo pesado y otros veh\u00edculos de alto rendimiento. <\/p>\n","protected":false},"excerpt":{"rendered":"<p>TRANSMISI\u00d3N Nuestras mezclas est\u00e1n formuladas espec\u00edficamente para eliminar los ruidos, evitar el deslizamiento, detener las fugas, proteger contra el desgaste y evitar los cambios bruscos, adem\u00e1s de extender significativamente la vida \u00fatil de las transmisiones de una amplia gama de diversas aplicaciones. Los productos para la transmisi\u00f3n de Lucas brindan cambios m\u00e1s suaves y confiables [&hellip;]<\/p>\n","protected":false},"author":1,"featured_media":0,"parent":0,"menu_order":0,"comment_status":"closed","ping_status":"closed","template":"category-transmission.php","meta":{"_acf_changed":false,"footnotes":""},"class_list":["post-29463","page","type-page","status-publish","hentry"],"acf":[],"yoast_head":"<!-- This site is optimized with the Yoast SEO plugin v27.2 - https:\/\/yoast.com\/product\/yoast-seo-wordpress\/ -->\n<title>Category: Transmission - Lucas Oil Products, Inc.<\/title>\n<meta name=\"robots\" content=\"index, follow, max-snippet:-1, max-image-preview:large, max-video-preview:-1\" \/>\n<link rel=\"canonical\" href=\"https:\/\/lucasoil.mx\/es\/category-transmission\/\" \/>\n<meta property=\"og:locale\" content=\"es_ES\" \/>\n<meta property=\"og:type\" content=\"article\" \/>\n<meta property=\"og:title\" content=\"Category: Transmission - Lucas Oil Products, Inc.\" \/>\n<meta property=\"og:description\" content=\"TRANSMISI\u00d3N Nuestras mezclas est\u00e1n formuladas espec\u00edficamente para eliminar los ruidos, evitar el deslizamiento, detener las fugas, proteger contra el desgaste y evitar los cambios bruscos, adem\u00e1s de extender significativamente la vida \u00fatil de las transmisiones de una amplia gama de diversas aplicaciones. Los productos para la transmisi\u00f3n de Lucas brindan cambios m\u00e1s suaves y confiables [&hellip;]\" \/>\n<meta property=\"og:url\" content=\"https:\/\/lucasoil.mx\/es\/category-transmission\/\" \/>\n<meta property=\"og:site_name\" content=\"Lucas Oil Products, Inc.\" \/>\n<meta property=\"article:publisher\" content=\"https:\/\/www.facebook.com\/lucasoilmexico\" \/>\n<meta property=\"article:modified_time\" content=\"2024-10-11T15:27:57+00:00\" \/>\n<meta name=\"twitter:card\" content=\"summary_large_image\" \/>\n<script type=\"application\/ld+json\" class=\"yoast-schema-graph\">{\"@context\":\"https:\/\/schema.org\",\"@graph\":[{\"@type\":\"WebPage\",\"@id\":\"https:\/\/lucasoil.mx\/es\/category-transmission\/\",\"url\":\"https:\/\/lucasoil.mx\/es\/category-transmission\/\",\"name\":\"Category: Transmission - Lucas Oil Products, Inc.\",\"isPartOf\":{\"@id\":\"https:\/\/lucasoil.mx\/es\/#website\"},\"datePublished\":\"2024-04-18T20:33:48+00:00\",\"dateModified\":\"2024-10-11T15:27:57+00:00\",\"breadcrumb\":{\"@id\":\"https:\/\/lucasoil.mx\/es\/category-transmission\/#breadcrumb\"},\"inLanguage\":\"es\",\"potentialAction\":[{\"@type\":\"ReadAction\",\"target\":[\"https:\/\/lucasoil.mx\/es\/category-transmission\/\"]}]},{\"@type\":\"BreadcrumbList\",\"@id\":\"https:\/\/lucasoil.mx\/es\/category-transmission\/#breadcrumb\",\"itemListElement\":[{\"@type\":\"ListItem\",\"position\":1,\"name\":\"Home\",\"item\":\"https:\/\/lucasoil.mx\/es\/\"},{\"@type\":\"ListItem\",\"position\":2,\"name\":\"Category: Transmission\"}]},{\"@type\":\"WebSite\",\"@id\":\"https:\/\/lucasoil.mx\/es\/#website\",\"url\":\"https:\/\/lucasoil.mx\/es\/\",\"name\":\"Lucas Oil Products, Inc.\",\"description\":\"\",\"publisher\":{\"@id\":\"https:\/\/lucasoil.mx\/es\/#organization\"},\"potentialAction\":[{\"@type\":\"SearchAction\",\"target\":{\"@type\":\"EntryPoint\",\"urlTemplate\":\"https:\/\/lucasoil.mx\/es\/?s={search_term_string}\"},\"query-input\":{\"@type\":\"PropertyValueSpecification\",\"valueRequired\":true,\"valueName\":\"search_term_string\"}}],\"inLanguage\":\"es\"},{\"@type\":\"Organization\",\"@id\":\"https:\/\/lucasoil.mx\/es\/#organization\",\"name\":\"Lucas Oil Products, Inc.\",\"url\":\"https:\/\/lucasoil.mx\/es\/\",\"logo\":{\"@type\":\"ImageObject\",\"inLanguage\":\"es\",\"@id\":\"https:\/\/lucasoil.mx\/es\/#\/schema\/logo\/image\/\",\"url\":\"https:\/\/lucasoil.mx\/wp-content\/uploads\/2025\/07\/LucasOil_Letters_White.png\",\"contentUrl\":\"https:\/\/lucasoil.mx\/wp-content\/uploads\/2025\/07\/LucasOil_Letters_White.png\",\"width\":2249,\"height\":407,\"caption\":\"Lucas Oil Products, Inc.\"},\"image\":{\"@id\":\"https:\/\/lucasoil.mx\/es\/#\/schema\/logo\/image\/\"},\"sameAs\":[\"https:\/\/www.facebook.com\/lucasoilmexico\",\"https:\/\/www.instagram.com\/lucasoilmexico\/\"]}]}<\/script>\n<!-- \/ Yoast SEO plugin. -->","yoast_head_json":{"title":"Category: Transmission - Lucas Oil Products, Inc.","robots":{"index":"index","follow":"follow","max-snippet":"max-snippet:-1","max-image-preview":"max-image-preview:large","max-video-preview":"max-video-preview:-1"},"canonical":"https:\/\/lucasoil.mx\/es\/category-transmission\/","og_locale":"es_ES","og_type":"article","og_title":"Category: Transmission - Lucas Oil Products, Inc.","og_description":"TRANSMISI\u00d3N Nuestras mezclas est\u00e1n formuladas espec\u00edficamente para eliminar los ruidos, evitar el deslizamiento, detener las fugas, proteger contra el desgaste y evitar los cambios bruscos, adem\u00e1s de extender significativamente la vida \u00fatil de las transmisiones de una amplia gama de diversas aplicaciones. Los productos para la transmisi\u00f3n de Lucas brindan cambios m\u00e1s suaves y confiables [&hellip;]","og_url":"https:\/\/lucasoil.mx\/es\/category-transmission\/","og_site_name":"Lucas Oil Products, Inc.","article_publisher":"https:\/\/www.facebook.com\/lucasoilmexico","article_modified_time":"2024-10-11T15:27:57+00:00","twitter_card":"summary_large_image","schema":{"@context":"https:\/\/schema.org","@graph":[{"@type":"WebPage","@id":"https:\/\/lucasoil.mx\/es\/category-transmission\/","url":"https:\/\/lucasoil.mx\/es\/category-transmission\/","name":"Category: Transmission - Lucas Oil Products, Inc.","isPartOf":{"@id":"https:\/\/lucasoil.mx\/es\/#website"},"datePublished":"2024-04-18T20:33:48+00:00","dateModified":"2024-10-11T15:27:57+00:00","breadcrumb":{"@id":"https:\/\/lucasoil.mx\/es\/category-transmission\/#breadcrumb"},"inLanguage":"es","potentialAction":[{"@type":"ReadAction","target":["https:\/\/lucasoil.mx\/es\/category-transmission\/"]}]},{"@type":"BreadcrumbList","@id":"https:\/\/lucasoil.mx\/es\/category-transmission\/#breadcrumb","itemListElement":[{"@type":"ListItem","position":1,"name":"Home","item":"https:\/\/lucasoil.mx\/es\/"},{"@type":"ListItem","position":2,"name":"Category: Transmission"}]},{"@type":"WebSite","@id":"https:\/\/lucasoil.mx\/es\/#website","url":"https:\/\/lucasoil.mx\/es\/","name":"Lucas Oil Products, Inc.","description":"","publisher":{"@id":"https:\/\/lucasoil.mx\/es\/#organization"},"potentialAction":[{"@type":"SearchAction","target":{"@type":"EntryPoint","urlTemplate":"https:\/\/lucasoil.mx\/es\/?s={search_term_string}"},"query-input":{"@type":"PropertyValueSpecification","valueRequired":true,"valueName":"search_term_string"}}],"inLanguage":"es"},{"@type":"Organization","@id":"https:\/\/lucasoil.mx\/es\/#organization","name":"Lucas Oil Products, Inc.","url":"https:\/\/lucasoil.mx\/es\/","logo":{"@type":"ImageObject","inLanguage":"es","@id":"https:\/\/lucasoil.mx\/es\/#\/schema\/logo\/image\/","url":"https:\/\/lucasoil.mx\/wp-content\/uploads\/2025\/07\/LucasOil_Letters_White.png","contentUrl":"https:\/\/lucasoil.mx\/wp-content\/uploads\/2025\/07\/LucasOil_Letters_White.png","width":2249,"height":407,"caption":"Lucas Oil Products, Inc."},"image":{"@id":"https:\/\/lucasoil.mx\/es\/#\/schema\/logo\/image\/"},"sameAs":["https:\/\/www.facebook.com\/lucasoilmexico","https:\/\/www.instagram.com\/lucasoilmexico\/"]}]}},"_links":{"self":[{"href":"https:\/\/lucasoil.mx\/es\/wp-json\/wp\/v2\/pages\/29463","targetHints":{"allow":["GET"]}}],"collection":[{"href":"https:\/\/lucasoil.mx\/es\/wp-json\/wp\/v2\/pages"}],"about":[{"href":"https:\/\/lucasoil.mx\/es\/wp-json\/wp\/v2\/types\/page"}],"author":[{"embeddable":true,"href":"https:\/\/lucasoil.mx\/es\/wp-json\/wp\/v2\/users\/1"}],"replies":[{"embeddable":true,"href":"https:\/\/lucasoil.mx\/es\/wp-json\/wp\/v2\/comments?post=29463"}],"version-history":[{"count":1,"href":"https:\/\/lucasoil.mx\/es\/wp-json\/wp\/v2\/pages\/29463\/revisions"}],"predecessor-version":[{"id":29464,"href":"https:\/\/lucasoil.mx\/es\/wp-json\/wp\/v2\/pages\/29463\/revisions\/29464"}],"wp:attachment":[{"href":"https:\/\/lucasoil.mx\/es\/wp-json\/wp\/v2\/media?parent=29463"}],"curies":[{"name":"wp","href":"https:\/\/api.w.org\/{rel}","templated":true}]}}