{"id":29455,"date":"2024-04-18T16:26:12","date_gmt":"2024-04-18T20:26:12","guid":{"rendered":"https:\/\/lucasoil.mx\/category-motor-oil\/"},"modified":"2024-10-11T11:26:46","modified_gmt":"2024-10-11T15:26:46","slug":"category-motor-oil","status":"publish","type":"page","link":"https:\/\/lucasoil.mx\/es\/category-motor-oil\/","title":{"rendered":"Category: Motor Oil"},"content":{"rendered":"\n<h2 class=\"gb-headline gb-headline-3b383f98 gb-headline-text\">ACEITE PARA MOTOR<\/h2>\n\n<p>Lucas ofrece el mejor rendimiento y protecci\u00f3n superior a todo tipo de motores. Nuestra avanzada y amplia gama de aceites para motor de calidad superior brindan una excelente lubricaci\u00f3n, reducen la fricci\u00f3n y el desgaste y, a la vez, maximizan el desempe\u00f1o y la eficiencia energ\u00e9tica de su veh\u00edculo. Nuestros aceites est\u00e1n fortificados con una mezcla precisa de aditivos para brindar una mejor estabilidad t\u00e9cnica, excelente resistencia a la oxidaci\u00f3n y alto control de la viscosidad para garantizar una lubricaci\u00f3n \u00f3ptima incluso bajo las m\u00e1s extremas condiciones de funcionamiento. <\/p>\n","protected":false},"excerpt":{"rendered":"<p>ACEITE PARA MOTOR Lucas ofrece el mejor rendimiento y protecci\u00f3n superior a todo tipo de motores. Nuestra avanzada y amplia gama de aceites para motor de calidad superior brindan una excelente lubricaci\u00f3n, reducen la fricci\u00f3n y el desgaste y, a la vez, maximizan el desempe\u00f1o y la eficiencia energ\u00e9tica de su veh\u00edculo. Nuestros aceites est\u00e1n [&hellip;]<\/p>\n","protected":false},"author":1,"featured_media":0,"parent":0,"menu_order":0,"comment_status":"closed","ping_status":"closed","template":"category-motor-oil.php","meta":{"_acf_changed":false,"footnotes":""},"class_list":["post-29455","page","type-page","status-publish","hentry"],"acf":[],"yoast_head":"<!-- This site is optimized with the Yoast SEO plugin v27.2 - https:\/\/yoast.com\/product\/yoast-seo-wordpress\/ -->\n<title>Category: Motor Oil - Lucas Oil Products, Inc.<\/title>\n<meta name=\"robots\" content=\"index, follow, max-snippet:-1, max-image-preview:large, max-video-preview:-1\" \/>\n<link rel=\"canonical\" href=\"https:\/\/lucasoil.mx\/es\/category-motor-oil\/\" \/>\n<meta property=\"og:locale\" content=\"es_ES\" \/>\n<meta property=\"og:type\" content=\"article\" \/>\n<meta property=\"og:title\" content=\"Category: Motor Oil - Lucas Oil Products, Inc.\" \/>\n<meta property=\"og:description\" content=\"ACEITE PARA MOTOR Lucas ofrece el mejor rendimiento y protecci\u00f3n superior a todo tipo de motores. Nuestra avanzada y amplia gama de aceites para motor de calidad superior brindan una excelente lubricaci\u00f3n, reducen la fricci\u00f3n y el desgaste y, a la vez, maximizan el desempe\u00f1o y la eficiencia energ\u00e9tica de su veh\u00edculo. Nuestros aceites est\u00e1n [&hellip;]\" \/>\n<meta property=\"og:url\" content=\"https:\/\/lucasoil.mx\/es\/category-motor-oil\/\" \/>\n<meta property=\"og:site_name\" content=\"Lucas Oil Products, Inc.\" \/>\n<meta property=\"article:publisher\" content=\"https:\/\/www.facebook.com\/lucasoilmexico\" \/>\n<meta property=\"article:modified_time\" content=\"2024-10-11T15:26:46+00:00\" \/>\n<meta name=\"twitter:card\" content=\"summary_large_image\" \/>\n<meta name=\"twitter:label1\" content=\"Tiempo de lectura\" \/>\n\t<meta name=\"twitter:data1\" content=\"1 minuto\" \/>\n<script type=\"application\/ld+json\" class=\"yoast-schema-graph\">{\"@context\":\"https:\/\/schema.org\",\"@graph\":[{\"@type\":\"WebPage\",\"@id\":\"https:\/\/lucasoil.mx\/es\/category-motor-oil\/\",\"url\":\"https:\/\/lucasoil.mx\/es\/category-motor-oil\/\",\"name\":\"Category: Motor Oil - Lucas Oil Products, Inc.\",\"isPartOf\":{\"@id\":\"https:\/\/lucasoil.mx\/es\/#website\"},\"datePublished\":\"2024-04-18T20:26:12+00:00\",\"dateModified\":\"2024-10-11T15:26:46+00:00\",\"breadcrumb\":{\"@id\":\"https:\/\/lucasoil.mx\/es\/category-motor-oil\/#breadcrumb\"},\"inLanguage\":\"es\",\"potentialAction\":[{\"@type\":\"ReadAction\",\"target\":[\"https:\/\/lucasoil.mx\/es\/category-motor-oil\/\"]}]},{\"@type\":\"BreadcrumbList\",\"@id\":\"https:\/\/lucasoil.mx\/es\/category-motor-oil\/#breadcrumb\",\"itemListElement\":[{\"@type\":\"ListItem\",\"position\":1,\"name\":\"Home\",\"item\":\"https:\/\/lucasoil.mx\/es\/\"},{\"@type\":\"ListItem\",\"position\":2,\"name\":\"Category: Motor Oil\"}]},{\"@type\":\"WebSite\",\"@id\":\"https:\/\/lucasoil.mx\/es\/#website\",\"url\":\"https:\/\/lucasoil.mx\/es\/\",\"name\":\"Lucas Oil Products, Inc.\",\"description\":\"\",\"publisher\":{\"@id\":\"https:\/\/lucasoil.mx\/es\/#organization\"},\"potentialAction\":[{\"@type\":\"SearchAction\",\"target\":{\"@type\":\"EntryPoint\",\"urlTemplate\":\"https:\/\/lucasoil.mx\/es\/?s={search_term_string}\"},\"query-input\":{\"@type\":\"PropertyValueSpecification\",\"valueRequired\":true,\"valueName\":\"search_term_string\"}}],\"inLanguage\":\"es\"},{\"@type\":\"Organization\",\"@id\":\"https:\/\/lucasoil.mx\/es\/#organization\",\"name\":\"Lucas Oil Products, Inc.\",\"url\":\"https:\/\/lucasoil.mx\/es\/\",\"logo\":{\"@type\":\"ImageObject\",\"inLanguage\":\"es\",\"@id\":\"https:\/\/lucasoil.mx\/es\/#\/schema\/logo\/image\/\",\"url\":\"https:\/\/lucasoil.mx\/wp-content\/uploads\/2025\/07\/LucasOil_Letters_White.png\",\"contentUrl\":\"https:\/\/lucasoil.mx\/wp-content\/uploads\/2025\/07\/LucasOil_Letters_White.png\",\"width\":2249,\"height\":407,\"caption\":\"Lucas Oil Products, Inc.\"},\"image\":{\"@id\":\"https:\/\/lucasoil.mx\/es\/#\/schema\/logo\/image\/\"},\"sameAs\":[\"https:\/\/www.facebook.com\/lucasoilmexico\",\"https:\/\/www.instagram.com\/lucasoilmexico\/\"]}]}<\/script>\n<!-- \/ Yoast SEO plugin. -->","yoast_head_json":{"title":"Category: Motor Oil - Lucas Oil Products, Inc.","robots":{"index":"index","follow":"follow","max-snippet":"max-snippet:-1","max-image-preview":"max-image-preview:large","max-video-preview":"max-video-preview:-1"},"canonical":"https:\/\/lucasoil.mx\/es\/category-motor-oil\/","og_locale":"es_ES","og_type":"article","og_title":"Category: Motor Oil - Lucas Oil Products, Inc.","og_description":"ACEITE PARA MOTOR Lucas ofrece el mejor rendimiento y protecci\u00f3n superior a todo tipo de motores. Nuestra avanzada y amplia gama de aceites para motor de calidad superior brindan una excelente lubricaci\u00f3n, reducen la fricci\u00f3n y el desgaste y, a la vez, maximizan el desempe\u00f1o y la eficiencia energ\u00e9tica de su veh\u00edculo. Nuestros aceites est\u00e1n [&hellip;]","og_url":"https:\/\/lucasoil.mx\/es\/category-motor-oil\/","og_site_name":"Lucas Oil Products, Inc.","article_publisher":"https:\/\/www.facebook.com\/lucasoilmexico","article_modified_time":"2024-10-11T15:26:46+00:00","twitter_card":"summary_large_image","twitter_misc":{"Tiempo de lectura":"1 minuto"},"schema":{"@context":"https:\/\/schema.org","@graph":[{"@type":"WebPage","@id":"https:\/\/lucasoil.mx\/es\/category-motor-oil\/","url":"https:\/\/lucasoil.mx\/es\/category-motor-oil\/","name":"Category: Motor Oil - Lucas Oil Products, Inc.","isPartOf":{"@id":"https:\/\/lucasoil.mx\/es\/#website"},"datePublished":"2024-04-18T20:26:12+00:00","dateModified":"2024-10-11T15:26:46+00:00","breadcrumb":{"@id":"https:\/\/lucasoil.mx\/es\/category-motor-oil\/#breadcrumb"},"inLanguage":"es","potentialAction":[{"@type":"ReadAction","target":["https:\/\/lucasoil.mx\/es\/category-motor-oil\/"]}]},{"@type":"BreadcrumbList","@id":"https:\/\/lucasoil.mx\/es\/category-motor-oil\/#breadcrumb","itemListElement":[{"@type":"ListItem","position":1,"name":"Home","item":"https:\/\/lucasoil.mx\/es\/"},{"@type":"ListItem","position":2,"name":"Category: Motor Oil"}]},{"@type":"WebSite","@id":"https:\/\/lucasoil.mx\/es\/#website","url":"https:\/\/lucasoil.mx\/es\/","name":"Lucas Oil Products, Inc.","description":"","publisher":{"@id":"https:\/\/lucasoil.mx\/es\/#organization"},"potentialAction":[{"@type":"SearchAction","target":{"@type":"EntryPoint","urlTemplate":"https:\/\/lucasoil.mx\/es\/?s={search_term_string}"},"query-input":{"@type":"PropertyValueSpecification","valueRequired":true,"valueName":"search_term_string"}}],"inLanguage":"es"},{"@type":"Organization","@id":"https:\/\/lucasoil.mx\/es\/#organization","name":"Lucas Oil Products, Inc.","url":"https:\/\/lucasoil.mx\/es\/","logo":{"@type":"ImageObject","inLanguage":"es","@id":"https:\/\/lucasoil.mx\/es\/#\/schema\/logo\/image\/","url":"https:\/\/lucasoil.mx\/wp-content\/uploads\/2025\/07\/LucasOil_Letters_White.png","contentUrl":"https:\/\/lucasoil.mx\/wp-content\/uploads\/2025\/07\/LucasOil_Letters_White.png","width":2249,"height":407,"caption":"Lucas Oil Products, Inc."},"image":{"@id":"https:\/\/lucasoil.mx\/es\/#\/schema\/logo\/image\/"},"sameAs":["https:\/\/www.facebook.com\/lucasoilmexico","https:\/\/www.instagram.com\/lucasoilmexico\/"]}]}},"_links":{"self":[{"href":"https:\/\/lucasoil.mx\/es\/wp-json\/wp\/v2\/pages\/29455","targetHints":{"allow":["GET"]}}],"collection":[{"href":"https:\/\/lucasoil.mx\/es\/wp-json\/wp\/v2\/pages"}],"about":[{"href":"https:\/\/lucasoil.mx\/es\/wp-json\/wp\/v2\/types\/page"}],"author":[{"embeddable":true,"href":"https:\/\/lucasoil.mx\/es\/wp-json\/wp\/v2\/users\/1"}],"replies":[{"embeddable":true,"href":"https:\/\/lucasoil.mx\/es\/wp-json\/wp\/v2\/comments?post=29455"}],"version-history":[{"count":1,"href":"https:\/\/lucasoil.mx\/es\/wp-json\/wp\/v2\/pages\/29455\/revisions"}],"predecessor-version":[{"id":29456,"href":"https:\/\/lucasoil.mx\/es\/wp-json\/wp\/v2\/pages\/29455\/revisions\/29456"}],"wp:attachment":[{"href":"https:\/\/lucasoil.mx\/es\/wp-json\/wp\/v2\/media?parent=29455"}],"curies":[{"name":"wp","href":"https:\/\/api.w.org\/{rel}","templated":true}]}}