{"id":29453,"date":"2024-04-18T16:20:13","date_gmt":"2024-04-18T20:20:13","guid":{"rendered":"https:\/\/lucasoil.mx\/category-gear-oil\/"},"modified":"2024-10-11T11:25:09","modified_gmt":"2024-10-11T15:25:09","slug":"category-gear-oil","status":"publish","type":"page","link":"https:\/\/lucasoil.mx\/es\/category-gear-oil\/","title":{"rendered":"Category: Gear Oil"},"content":{"rendered":"\n<h2 class=\"gb-headline gb-headline-36a1cb81 gb-headline-text\">ACEITE PARA ENGRANAJES<\/h2>\n\n<p>Los aceites para engranajes de Lucas est\u00e1n formulados con aditivos de la m\u00e1s alta calidad y est\u00e1n disponibles en distintos pesos para ofrecer protecci\u00f3n excepcional contra el desgaste, el sobrecalentamiento y la corrosi\u00f3n para garantizar una prolongada vida de los componentes. Los aceites de Lucas ofrecen cambios suaves y uniformes, y alta durabilidad, y son reconocidos en los mercados de trabajo pesado y de alto rendimiento por su insuperable calidad. <\/p>\n","protected":false},"excerpt":{"rendered":"<p>ACEITE PARA ENGRANAJES Los aceites para engranajes de Lucas est\u00e1n formulados con aditivos de la m\u00e1s alta calidad y est\u00e1n disponibles en distintos pesos para ofrecer protecci\u00f3n excepcional contra el desgaste, el sobrecalentamiento y la corrosi\u00f3n para garantizar una prolongada vida de los componentes. Los aceites de Lucas ofrecen cambios suaves y uniformes, y alta [&hellip;]<\/p>\n","protected":false},"author":1,"featured_media":0,"parent":0,"menu_order":0,"comment_status":"closed","ping_status":"closed","template":"category-gear-oil.php","meta":{"_acf_changed":false,"footnotes":""},"class_list":["post-29453","page","type-page","status-publish","hentry"],"acf":[],"yoast_head":"<!-- This site is optimized with the Yoast SEO plugin v27.2 - https:\/\/yoast.com\/product\/yoast-seo-wordpress\/ -->\n<title>Category: Gear Oil - Lucas Oil Products, Inc.<\/title>\n<meta name=\"robots\" content=\"index, follow, max-snippet:-1, max-image-preview:large, max-video-preview:-1\" \/>\n<link rel=\"canonical\" href=\"https:\/\/lucasoil.mx\/es\/category-gear-oil\/\" \/>\n<meta property=\"og:locale\" content=\"es_ES\" \/>\n<meta property=\"og:type\" content=\"article\" \/>\n<meta property=\"og:title\" content=\"Category: Gear Oil - Lucas Oil Products, Inc.\" \/>\n<meta property=\"og:description\" content=\"ACEITE PARA ENGRANAJES Los aceites para engranajes de Lucas est\u00e1n formulados con aditivos de la m\u00e1s alta calidad y est\u00e1n disponibles en distintos pesos para ofrecer protecci\u00f3n excepcional contra el desgaste, el sobrecalentamiento y la corrosi\u00f3n para garantizar una prolongada vida de los componentes. Los aceites de Lucas ofrecen cambios suaves y uniformes, y alta [&hellip;]\" \/>\n<meta property=\"og:url\" content=\"https:\/\/lucasoil.mx\/es\/category-gear-oil\/\" \/>\n<meta property=\"og:site_name\" content=\"Lucas Oil Products, Inc.\" \/>\n<meta property=\"article:publisher\" content=\"https:\/\/www.facebook.com\/lucasoilmexico\" \/>\n<meta property=\"article:modified_time\" content=\"2024-10-11T15:25:09+00:00\" \/>\n<meta name=\"twitter:card\" content=\"summary_large_image\" \/>\n<script type=\"application\/ld+json\" class=\"yoast-schema-graph\">{\"@context\":\"https:\/\/schema.org\",\"@graph\":[{\"@type\":\"WebPage\",\"@id\":\"https:\/\/lucasoil.mx\/es\/category-gear-oil\/\",\"url\":\"https:\/\/lucasoil.mx\/es\/category-gear-oil\/\",\"name\":\"Category: Gear Oil - Lucas Oil Products, Inc.\",\"isPartOf\":{\"@id\":\"https:\/\/lucasoil.mx\/es\/#website\"},\"datePublished\":\"2024-04-18T20:20:13+00:00\",\"dateModified\":\"2024-10-11T15:25:09+00:00\",\"breadcrumb\":{\"@id\":\"https:\/\/lucasoil.mx\/es\/category-gear-oil\/#breadcrumb\"},\"inLanguage\":\"es\",\"potentialAction\":[{\"@type\":\"ReadAction\",\"target\":[\"https:\/\/lucasoil.mx\/es\/category-gear-oil\/\"]}]},{\"@type\":\"BreadcrumbList\",\"@id\":\"https:\/\/lucasoil.mx\/es\/category-gear-oil\/#breadcrumb\",\"itemListElement\":[{\"@type\":\"ListItem\",\"position\":1,\"name\":\"Home\",\"item\":\"https:\/\/lucasoil.mx\/es\/\"},{\"@type\":\"ListItem\",\"position\":2,\"name\":\"Category: Gear Oil\"}]},{\"@type\":\"WebSite\",\"@id\":\"https:\/\/lucasoil.mx\/es\/#website\",\"url\":\"https:\/\/lucasoil.mx\/es\/\",\"name\":\"Lucas Oil Products, Inc.\",\"description\":\"\",\"publisher\":{\"@id\":\"https:\/\/lucasoil.mx\/es\/#organization\"},\"potentialAction\":[{\"@type\":\"SearchAction\",\"target\":{\"@type\":\"EntryPoint\",\"urlTemplate\":\"https:\/\/lucasoil.mx\/es\/?s={search_term_string}\"},\"query-input\":{\"@type\":\"PropertyValueSpecification\",\"valueRequired\":true,\"valueName\":\"search_term_string\"}}],\"inLanguage\":\"es\"},{\"@type\":\"Organization\",\"@id\":\"https:\/\/lucasoil.mx\/es\/#organization\",\"name\":\"Lucas Oil Products, Inc.\",\"url\":\"https:\/\/lucasoil.mx\/es\/\",\"logo\":{\"@type\":\"ImageObject\",\"inLanguage\":\"es\",\"@id\":\"https:\/\/lucasoil.mx\/es\/#\/schema\/logo\/image\/\",\"url\":\"https:\/\/lucasoil.mx\/wp-content\/uploads\/2025\/07\/LucasOil_Letters_White.png\",\"contentUrl\":\"https:\/\/lucasoil.mx\/wp-content\/uploads\/2025\/07\/LucasOil_Letters_White.png\",\"width\":2249,\"height\":407,\"caption\":\"Lucas Oil Products, Inc.\"},\"image\":{\"@id\":\"https:\/\/lucasoil.mx\/es\/#\/schema\/logo\/image\/\"},\"sameAs\":[\"https:\/\/www.facebook.com\/lucasoilmexico\",\"https:\/\/www.instagram.com\/lucasoilmexico\/\"]}]}<\/script>\n<!-- \/ Yoast SEO plugin. -->","yoast_head_json":{"title":"Category: Gear Oil - Lucas Oil Products, Inc.","robots":{"index":"index","follow":"follow","max-snippet":"max-snippet:-1","max-image-preview":"max-image-preview:large","max-video-preview":"max-video-preview:-1"},"canonical":"https:\/\/lucasoil.mx\/es\/category-gear-oil\/","og_locale":"es_ES","og_type":"article","og_title":"Category: Gear Oil - Lucas Oil Products, Inc.","og_description":"ACEITE PARA ENGRANAJES Los aceites para engranajes de Lucas est\u00e1n formulados con aditivos de la m\u00e1s alta calidad y est\u00e1n disponibles en distintos pesos para ofrecer protecci\u00f3n excepcional contra el desgaste, el sobrecalentamiento y la corrosi\u00f3n para garantizar una prolongada vida de los componentes. Los aceites de Lucas ofrecen cambios suaves y uniformes, y alta [&hellip;]","og_url":"https:\/\/lucasoil.mx\/es\/category-gear-oil\/","og_site_name":"Lucas Oil Products, Inc.","article_publisher":"https:\/\/www.facebook.com\/lucasoilmexico","article_modified_time":"2024-10-11T15:25:09+00:00","twitter_card":"summary_large_image","schema":{"@context":"https:\/\/schema.org","@graph":[{"@type":"WebPage","@id":"https:\/\/lucasoil.mx\/es\/category-gear-oil\/","url":"https:\/\/lucasoil.mx\/es\/category-gear-oil\/","name":"Category: Gear Oil - Lucas Oil Products, Inc.","isPartOf":{"@id":"https:\/\/lucasoil.mx\/es\/#website"},"datePublished":"2024-04-18T20:20:13+00:00","dateModified":"2024-10-11T15:25:09+00:00","breadcrumb":{"@id":"https:\/\/lucasoil.mx\/es\/category-gear-oil\/#breadcrumb"},"inLanguage":"es","potentialAction":[{"@type":"ReadAction","target":["https:\/\/lucasoil.mx\/es\/category-gear-oil\/"]}]},{"@type":"BreadcrumbList","@id":"https:\/\/lucasoil.mx\/es\/category-gear-oil\/#breadcrumb","itemListElement":[{"@type":"ListItem","position":1,"name":"Home","item":"https:\/\/lucasoil.mx\/es\/"},{"@type":"ListItem","position":2,"name":"Category: Gear Oil"}]},{"@type":"WebSite","@id":"https:\/\/lucasoil.mx\/es\/#website","url":"https:\/\/lucasoil.mx\/es\/","name":"Lucas Oil Products, Inc.","description":"","publisher":{"@id":"https:\/\/lucasoil.mx\/es\/#organization"},"potentialAction":[{"@type":"SearchAction","target":{"@type":"EntryPoint","urlTemplate":"https:\/\/lucasoil.mx\/es\/?s={search_term_string}"},"query-input":{"@type":"PropertyValueSpecification","valueRequired":true,"valueName":"search_term_string"}}],"inLanguage":"es"},{"@type":"Organization","@id":"https:\/\/lucasoil.mx\/es\/#organization","name":"Lucas Oil Products, Inc.","url":"https:\/\/lucasoil.mx\/es\/","logo":{"@type":"ImageObject","inLanguage":"es","@id":"https:\/\/lucasoil.mx\/es\/#\/schema\/logo\/image\/","url":"https:\/\/lucasoil.mx\/wp-content\/uploads\/2025\/07\/LucasOil_Letters_White.png","contentUrl":"https:\/\/lucasoil.mx\/wp-content\/uploads\/2025\/07\/LucasOil_Letters_White.png","width":2249,"height":407,"caption":"Lucas Oil Products, Inc."},"image":{"@id":"https:\/\/lucasoil.mx\/es\/#\/schema\/logo\/image\/"},"sameAs":["https:\/\/www.facebook.com\/lucasoilmexico","https:\/\/www.instagram.com\/lucasoilmexico\/"]}]}},"_links":{"self":[{"href":"https:\/\/lucasoil.mx\/es\/wp-json\/wp\/v2\/pages\/29453","targetHints":{"allow":["GET"]}}],"collection":[{"href":"https:\/\/lucasoil.mx\/es\/wp-json\/wp\/v2\/pages"}],"about":[{"href":"https:\/\/lucasoil.mx\/es\/wp-json\/wp\/v2\/types\/page"}],"author":[{"embeddable":true,"href":"https:\/\/lucasoil.mx\/es\/wp-json\/wp\/v2\/users\/1"}],"replies":[{"embeddable":true,"href":"https:\/\/lucasoil.mx\/es\/wp-json\/wp\/v2\/comments?post=29453"}],"version-history":[{"count":1,"href":"https:\/\/lucasoil.mx\/es\/wp-json\/wp\/v2\/pages\/29453\/revisions"}],"predecessor-version":[{"id":29454,"href":"https:\/\/lucasoil.mx\/es\/wp-json\/wp\/v2\/pages\/29453\/revisions\/29454"}],"wp:attachment":[{"href":"https:\/\/lucasoil.mx\/es\/wp-json\/wp\/v2\/media?parent=29453"}],"curies":[{"name":"wp","href":"https:\/\/api.w.org\/{rel}","templated":true}]}}