{"id":29449,"date":"2024-04-18T16:02:22","date_gmt":"2024-04-18T20:02:22","guid":{"rendered":"https:\/\/lucasoil.mx\/category-engine-oil-additives\/"},"modified":"2024-10-11T11:23:09","modified_gmt":"2024-10-11T15:23:09","slug":"category-engine-oil-additives","status":"publish","type":"page","link":"https:\/\/lucasoil.mx\/es\/category-engine-oil-additives\/","title":{"rendered":"Category: Engine Oil Additives"},"content":{"rendered":"\n<h2 class=\"gb-headline gb-headline-83e05498 gb-headline-text\">ADITIVOS DE ACEITE PARA MOTOR<\/h2>\n\n<p>Los aditivos de Lucas pueden aumentar la eficiencia del combustible, mantener el motor m\u00e1s limpio ya que evitan la formaci\u00f3n de dep\u00f3sitos y ofrecen una mejor protecci\u00f3n contra la oxidaci\u00f3n y la corrosi\u00f3n para brindar un mejor desempe\u00f1o y eficiencia general del veh\u00edculo.Los aditivos de aceite ayudan a reducir la fricci\u00f3n y el desgaste, prolongan la vida \u00fatil de los componentes del motor y brindan un funcionamiento m\u00e1s suave y uniforme.  <\/p>\n","protected":false},"excerpt":{"rendered":"<p>ADITIVOS DE ACEITE PARA MOTOR Los aditivos de Lucas pueden aumentar la eficiencia del combustible, mantener el motor m\u00e1s limpio ya que evitan la formaci\u00f3n de dep\u00f3sitos y ofrecen una mejor protecci\u00f3n contra la oxidaci\u00f3n y la corrosi\u00f3n para brindar un mejor desempe\u00f1o y eficiencia general del veh\u00edculo.Los aditivos de aceite ayudan a reducir la [&hellip;]<\/p>\n","protected":false},"author":1,"featured_media":0,"parent":0,"menu_order":0,"comment_status":"closed","ping_status":"closed","template":"category-engine-oil-additives.php","meta":{"_acf_changed":false,"footnotes":""},"class_list":["post-29449","page","type-page","status-publish","hentry"],"acf":[],"yoast_head":"<!-- This site is optimized with the Yoast SEO plugin v27.2 - https:\/\/yoast.com\/product\/yoast-seo-wordpress\/ -->\n<title>Category: Engine Oil Additives - Lucas Oil Products, Inc.<\/title>\n<meta name=\"robots\" content=\"index, follow, max-snippet:-1, max-image-preview:large, max-video-preview:-1\" \/>\n<link rel=\"canonical\" href=\"https:\/\/lucasoil.mx\/es\/category-engine-oil-additives\/\" \/>\n<meta property=\"og:locale\" content=\"es_ES\" \/>\n<meta property=\"og:type\" content=\"article\" \/>\n<meta property=\"og:title\" content=\"Category: Engine Oil Additives - Lucas Oil Products, Inc.\" \/>\n<meta property=\"og:description\" content=\"ADITIVOS DE ACEITE PARA MOTOR Los aditivos de Lucas pueden aumentar la eficiencia del combustible, mantener el motor m\u00e1s limpio ya que evitan la formaci\u00f3n de dep\u00f3sitos y ofrecen una mejor protecci\u00f3n contra la oxidaci\u00f3n y la corrosi\u00f3n para brindar un mejor desempe\u00f1o y eficiencia general del veh\u00edculo.Los aditivos de aceite ayudan a reducir la [&hellip;]\" \/>\n<meta property=\"og:url\" content=\"https:\/\/lucasoil.mx\/es\/category-engine-oil-additives\/\" \/>\n<meta property=\"og:site_name\" content=\"Lucas Oil Products, Inc.\" \/>\n<meta property=\"article:publisher\" content=\"https:\/\/www.facebook.com\/lucasoilmexico\" \/>\n<meta property=\"article:modified_time\" content=\"2024-10-11T15:23:09+00:00\" \/>\n<meta name=\"twitter:card\" content=\"summary_large_image\" \/>\n<script type=\"application\/ld+json\" class=\"yoast-schema-graph\">{\"@context\":\"https:\/\/schema.org\",\"@graph\":[{\"@type\":\"WebPage\",\"@id\":\"https:\/\/lucasoil.mx\/es\/category-engine-oil-additives\/\",\"url\":\"https:\/\/lucasoil.mx\/es\/category-engine-oil-additives\/\",\"name\":\"Category: Engine Oil Additives - Lucas Oil Products, Inc.\",\"isPartOf\":{\"@id\":\"https:\/\/lucasoil.mx\/es\/#website\"},\"datePublished\":\"2024-04-18T20:02:22+00:00\",\"dateModified\":\"2024-10-11T15:23:09+00:00\",\"breadcrumb\":{\"@id\":\"https:\/\/lucasoil.mx\/es\/category-engine-oil-additives\/#breadcrumb\"},\"inLanguage\":\"es\",\"potentialAction\":[{\"@type\":\"ReadAction\",\"target\":[\"https:\/\/lucasoil.mx\/es\/category-engine-oil-additives\/\"]}]},{\"@type\":\"BreadcrumbList\",\"@id\":\"https:\/\/lucasoil.mx\/es\/category-engine-oil-additives\/#breadcrumb\",\"itemListElement\":[{\"@type\":\"ListItem\",\"position\":1,\"name\":\"Home\",\"item\":\"https:\/\/lucasoil.mx\/es\/\"},{\"@type\":\"ListItem\",\"position\":2,\"name\":\"Category: Engine Oil Additives\"}]},{\"@type\":\"WebSite\",\"@id\":\"https:\/\/lucasoil.mx\/es\/#website\",\"url\":\"https:\/\/lucasoil.mx\/es\/\",\"name\":\"Lucas Oil Products, Inc.\",\"description\":\"\",\"publisher\":{\"@id\":\"https:\/\/lucasoil.mx\/es\/#organization\"},\"potentialAction\":[{\"@type\":\"SearchAction\",\"target\":{\"@type\":\"EntryPoint\",\"urlTemplate\":\"https:\/\/lucasoil.mx\/es\/?s={search_term_string}\"},\"query-input\":{\"@type\":\"PropertyValueSpecification\",\"valueRequired\":true,\"valueName\":\"search_term_string\"}}],\"inLanguage\":\"es\"},{\"@type\":\"Organization\",\"@id\":\"https:\/\/lucasoil.mx\/es\/#organization\",\"name\":\"Lucas Oil Products, Inc.\",\"url\":\"https:\/\/lucasoil.mx\/es\/\",\"logo\":{\"@type\":\"ImageObject\",\"inLanguage\":\"es\",\"@id\":\"https:\/\/lucasoil.mx\/es\/#\/schema\/logo\/image\/\",\"url\":\"https:\/\/lucasoil.mx\/wp-content\/uploads\/2025\/07\/LucasOil_Letters_White.png\",\"contentUrl\":\"https:\/\/lucasoil.mx\/wp-content\/uploads\/2025\/07\/LucasOil_Letters_White.png\",\"width\":2249,\"height\":407,\"caption\":\"Lucas Oil Products, Inc.\"},\"image\":{\"@id\":\"https:\/\/lucasoil.mx\/es\/#\/schema\/logo\/image\/\"},\"sameAs\":[\"https:\/\/www.facebook.com\/lucasoilmexico\",\"https:\/\/www.instagram.com\/lucasoilmexico\/\"]}]}<\/script>\n<!-- \/ Yoast SEO plugin. -->","yoast_head_json":{"title":"Category: Engine Oil Additives - Lucas Oil Products, Inc.","robots":{"index":"index","follow":"follow","max-snippet":"max-snippet:-1","max-image-preview":"max-image-preview:large","max-video-preview":"max-video-preview:-1"},"canonical":"https:\/\/lucasoil.mx\/es\/category-engine-oil-additives\/","og_locale":"es_ES","og_type":"article","og_title":"Category: Engine Oil Additives - Lucas Oil Products, Inc.","og_description":"ADITIVOS DE ACEITE PARA MOTOR Los aditivos de Lucas pueden aumentar la eficiencia del combustible, mantener el motor m\u00e1s limpio ya que evitan la formaci\u00f3n de dep\u00f3sitos y ofrecen una mejor protecci\u00f3n contra la oxidaci\u00f3n y la corrosi\u00f3n para brindar un mejor desempe\u00f1o y eficiencia general del veh\u00edculo.Los aditivos de aceite ayudan a reducir la [&hellip;]","og_url":"https:\/\/lucasoil.mx\/es\/category-engine-oil-additives\/","og_site_name":"Lucas Oil Products, Inc.","article_publisher":"https:\/\/www.facebook.com\/lucasoilmexico","article_modified_time":"2024-10-11T15:23:09+00:00","twitter_card":"summary_large_image","schema":{"@context":"https:\/\/schema.org","@graph":[{"@type":"WebPage","@id":"https:\/\/lucasoil.mx\/es\/category-engine-oil-additives\/","url":"https:\/\/lucasoil.mx\/es\/category-engine-oil-additives\/","name":"Category: Engine Oil Additives - Lucas Oil Products, Inc.","isPartOf":{"@id":"https:\/\/lucasoil.mx\/es\/#website"},"datePublished":"2024-04-18T20:02:22+00:00","dateModified":"2024-10-11T15:23:09+00:00","breadcrumb":{"@id":"https:\/\/lucasoil.mx\/es\/category-engine-oil-additives\/#breadcrumb"},"inLanguage":"es","potentialAction":[{"@type":"ReadAction","target":["https:\/\/lucasoil.mx\/es\/category-engine-oil-additives\/"]}]},{"@type":"BreadcrumbList","@id":"https:\/\/lucasoil.mx\/es\/category-engine-oil-additives\/#breadcrumb","itemListElement":[{"@type":"ListItem","position":1,"name":"Home","item":"https:\/\/lucasoil.mx\/es\/"},{"@type":"ListItem","position":2,"name":"Category: Engine Oil Additives"}]},{"@type":"WebSite","@id":"https:\/\/lucasoil.mx\/es\/#website","url":"https:\/\/lucasoil.mx\/es\/","name":"Lucas Oil Products, Inc.","description":"","publisher":{"@id":"https:\/\/lucasoil.mx\/es\/#organization"},"potentialAction":[{"@type":"SearchAction","target":{"@type":"EntryPoint","urlTemplate":"https:\/\/lucasoil.mx\/es\/?s={search_term_string}"},"query-input":{"@type":"PropertyValueSpecification","valueRequired":true,"valueName":"search_term_string"}}],"inLanguage":"es"},{"@type":"Organization","@id":"https:\/\/lucasoil.mx\/es\/#organization","name":"Lucas Oil Products, Inc.","url":"https:\/\/lucasoil.mx\/es\/","logo":{"@type":"ImageObject","inLanguage":"es","@id":"https:\/\/lucasoil.mx\/es\/#\/schema\/logo\/image\/","url":"https:\/\/lucasoil.mx\/wp-content\/uploads\/2025\/07\/LucasOil_Letters_White.png","contentUrl":"https:\/\/lucasoil.mx\/wp-content\/uploads\/2025\/07\/LucasOil_Letters_White.png","width":2249,"height":407,"caption":"Lucas Oil Products, Inc."},"image":{"@id":"https:\/\/lucasoil.mx\/es\/#\/schema\/logo\/image\/"},"sameAs":["https:\/\/www.facebook.com\/lucasoilmexico","https:\/\/www.instagram.com\/lucasoilmexico\/"]}]}},"_links":{"self":[{"href":"https:\/\/lucasoil.mx\/es\/wp-json\/wp\/v2\/pages\/29449","targetHints":{"allow":["GET"]}}],"collection":[{"href":"https:\/\/lucasoil.mx\/es\/wp-json\/wp\/v2\/pages"}],"about":[{"href":"https:\/\/lucasoil.mx\/es\/wp-json\/wp\/v2\/types\/page"}],"author":[{"embeddable":true,"href":"https:\/\/lucasoil.mx\/es\/wp-json\/wp\/v2\/users\/1"}],"replies":[{"embeddable":true,"href":"https:\/\/lucasoil.mx\/es\/wp-json\/wp\/v2\/comments?post=29449"}],"version-history":[{"count":1,"href":"https:\/\/lucasoil.mx\/es\/wp-json\/wp\/v2\/pages\/29449\/revisions"}],"predecessor-version":[{"id":29450,"href":"https:\/\/lucasoil.mx\/es\/wp-json\/wp\/v2\/pages\/29449\/revisions\/29450"}],"wp:attachment":[{"href":"https:\/\/lucasoil.mx\/es\/wp-json\/wp\/v2\/media?parent=29449"}],"curies":[{"name":"wp","href":"https:\/\/api.w.org\/{rel}","templated":true}]}}