{"id":29437,"date":"2024-04-19T15:37:16","date_gmt":"2024-04-19T19:37:16","guid":{"rendered":"https:\/\/lucasoil.mx\/specialty-racing\/"},"modified":"2024-10-11T11:13:28","modified_gmt":"2024-10-11T15:13:28","slug":"specialty-racing","status":"publish","type":"page","link":"https:\/\/lucasoil.mx\/es\/specialty-racing\/","title":{"rendered":"Specialty: Racing"},"content":{"rendered":"\n<h2 class=\"gb-headline gb-headline-d49aac6b gb-headline-text\">AUTOS DE CARRERAS<\/h2>\n\n<p>El compromiso de Lucas con optimizar el delicado equilibrio entre la potencia y durabilidad de los motores de alto desempe\u00f1o es inquebrantable. Nuestra l\u00ednea exclusiva para la industria de las carreras automovil\u00edsticas dise\u00f1ada por expertos en el campo incluye una extensa selecci\u00f3n de aceites para motor, lubricantes para engranajes, aditivos y muchos productos m\u00e1s de calidad superior para empoderar a los equipos para dar lo mejor de s\u00ed y alcanzar la m\u00e1xima ventaja competitiva posible. La l\u00ednea exclusiva de Lucas para la industria de las carreras automovil\u00edsticas refleja la experiencia y precisi\u00f3n de nuestro equipo de investigaci\u00f3n y desarrollo con m\u00e1s de 30 a\u00f1os de liderazgo en el sector. <\/p>\n","protected":false},"excerpt":{"rendered":"<p>AUTOS DE CARRERAS El compromiso de Lucas con optimizar el delicado equilibrio entre la potencia y durabilidad de los motores de alto desempe\u00f1o es inquebrantable. Nuestra l\u00ednea exclusiva para la industria de las carreras automovil\u00edsticas dise\u00f1ada por expertos en el campo incluye una extensa selecci\u00f3n de aceites para motor, lubricantes para engranajes, aditivos y muchos [&hellip;]<\/p>\n","protected":false},"author":1,"featured_media":0,"parent":0,"menu_order":0,"comment_status":"closed","ping_status":"closed","template":"lifestyle-racing.php","meta":{"_acf_changed":false,"footnotes":""},"class_list":["post-29437","page","type-page","status-publish","hentry"],"acf":[],"yoast_head":"<!-- This site is optimized with the Yoast SEO plugin v27.2 - https:\/\/yoast.com\/product\/yoast-seo-wordpress\/ -->\n<title>Specialty: Racing - Lucas Oil Products, Inc.<\/title>\n<meta name=\"robots\" content=\"index, follow, max-snippet:-1, max-image-preview:large, max-video-preview:-1\" \/>\n<link rel=\"canonical\" href=\"https:\/\/lucasoil.mx\/es\/specialty-racing\/\" \/>\n<meta property=\"og:locale\" content=\"es_ES\" \/>\n<meta property=\"og:type\" content=\"article\" \/>\n<meta property=\"og:title\" content=\"Specialty: Racing - Lucas Oil Products, Inc.\" \/>\n<meta property=\"og:description\" content=\"AUTOS DE CARRERAS El compromiso de Lucas con optimizar el delicado equilibrio entre la potencia y durabilidad de los motores de alto desempe\u00f1o es inquebrantable. Nuestra l\u00ednea exclusiva para la industria de las carreras automovil\u00edsticas dise\u00f1ada por expertos en el campo incluye una extensa selecci\u00f3n de aceites para motor, lubricantes para engranajes, aditivos y muchos [&hellip;]\" \/>\n<meta property=\"og:url\" content=\"https:\/\/lucasoil.mx\/es\/specialty-racing\/\" \/>\n<meta property=\"og:site_name\" content=\"Lucas Oil Products, Inc.\" \/>\n<meta property=\"article:publisher\" content=\"https:\/\/www.facebook.com\/lucasoilmexico\" \/>\n<meta property=\"article:modified_time\" content=\"2024-10-11T15:13:28+00:00\" \/>\n<meta name=\"twitter:card\" content=\"summary_large_image\" \/>\n<meta name=\"twitter:label1\" content=\"Tiempo de lectura\" \/>\n\t<meta name=\"twitter:data1\" content=\"1 minuto\" \/>\n<script type=\"application\/ld+json\" class=\"yoast-schema-graph\">{\"@context\":\"https:\/\/schema.org\",\"@graph\":[{\"@type\":\"WebPage\",\"@id\":\"https:\/\/lucasoil.mx\/es\/specialty-racing\/\",\"url\":\"https:\/\/lucasoil.mx\/es\/specialty-racing\/\",\"name\":\"Specialty: Racing - Lucas Oil Products, Inc.\",\"isPartOf\":{\"@id\":\"https:\/\/lucasoil.mx\/es\/#website\"},\"datePublished\":\"2024-04-19T19:37:16+00:00\",\"dateModified\":\"2024-10-11T15:13:28+00:00\",\"breadcrumb\":{\"@id\":\"https:\/\/lucasoil.mx\/es\/specialty-racing\/#breadcrumb\"},\"inLanguage\":\"es\",\"potentialAction\":[{\"@type\":\"ReadAction\",\"target\":[\"https:\/\/lucasoil.mx\/es\/specialty-racing\/\"]}]},{\"@type\":\"BreadcrumbList\",\"@id\":\"https:\/\/lucasoil.mx\/es\/specialty-racing\/#breadcrumb\",\"itemListElement\":[{\"@type\":\"ListItem\",\"position\":1,\"name\":\"Home\",\"item\":\"https:\/\/lucasoil.mx\/es\/\"},{\"@type\":\"ListItem\",\"position\":2,\"name\":\"Specialty: Racing\"}]},{\"@type\":\"WebSite\",\"@id\":\"https:\/\/lucasoil.mx\/es\/#website\",\"url\":\"https:\/\/lucasoil.mx\/es\/\",\"name\":\"Lucas Oil Products, Inc.\",\"description\":\"\",\"publisher\":{\"@id\":\"https:\/\/lucasoil.mx\/es\/#organization\"},\"potentialAction\":[{\"@type\":\"SearchAction\",\"target\":{\"@type\":\"EntryPoint\",\"urlTemplate\":\"https:\/\/lucasoil.mx\/es\/?s={search_term_string}\"},\"query-input\":{\"@type\":\"PropertyValueSpecification\",\"valueRequired\":true,\"valueName\":\"search_term_string\"}}],\"inLanguage\":\"es\"},{\"@type\":\"Organization\",\"@id\":\"https:\/\/lucasoil.mx\/es\/#organization\",\"name\":\"Lucas Oil Products, Inc.\",\"url\":\"https:\/\/lucasoil.mx\/es\/\",\"logo\":{\"@type\":\"ImageObject\",\"inLanguage\":\"es\",\"@id\":\"https:\/\/lucasoil.mx\/es\/#\/schema\/logo\/image\/\",\"url\":\"https:\/\/lucasoil.mx\/wp-content\/uploads\/2025\/07\/LucasOil_Letters_White.png\",\"contentUrl\":\"https:\/\/lucasoil.mx\/wp-content\/uploads\/2025\/07\/LucasOil_Letters_White.png\",\"width\":2249,\"height\":407,\"caption\":\"Lucas Oil Products, Inc.\"},\"image\":{\"@id\":\"https:\/\/lucasoil.mx\/es\/#\/schema\/logo\/image\/\"},\"sameAs\":[\"https:\/\/www.facebook.com\/lucasoilmexico\",\"https:\/\/www.instagram.com\/lucasoilmexico\/\"]}]}<\/script>\n<!-- \/ Yoast SEO plugin. -->","yoast_head_json":{"title":"Specialty: Racing - Lucas Oil Products, Inc.","robots":{"index":"index","follow":"follow","max-snippet":"max-snippet:-1","max-image-preview":"max-image-preview:large","max-video-preview":"max-video-preview:-1"},"canonical":"https:\/\/lucasoil.mx\/es\/specialty-racing\/","og_locale":"es_ES","og_type":"article","og_title":"Specialty: Racing - Lucas Oil Products, Inc.","og_description":"AUTOS DE CARRERAS El compromiso de Lucas con optimizar el delicado equilibrio entre la potencia y durabilidad de los motores de alto desempe\u00f1o es inquebrantable. Nuestra l\u00ednea exclusiva para la industria de las carreras automovil\u00edsticas dise\u00f1ada por expertos en el campo incluye una extensa selecci\u00f3n de aceites para motor, lubricantes para engranajes, aditivos y muchos [&hellip;]","og_url":"https:\/\/lucasoil.mx\/es\/specialty-racing\/","og_site_name":"Lucas Oil Products, Inc.","article_publisher":"https:\/\/www.facebook.com\/lucasoilmexico","article_modified_time":"2024-10-11T15:13:28+00:00","twitter_card":"summary_large_image","twitter_misc":{"Tiempo de lectura":"1 minuto"},"schema":{"@context":"https:\/\/schema.org","@graph":[{"@type":"WebPage","@id":"https:\/\/lucasoil.mx\/es\/specialty-racing\/","url":"https:\/\/lucasoil.mx\/es\/specialty-racing\/","name":"Specialty: Racing - Lucas Oil Products, Inc.","isPartOf":{"@id":"https:\/\/lucasoil.mx\/es\/#website"},"datePublished":"2024-04-19T19:37:16+00:00","dateModified":"2024-10-11T15:13:28+00:00","breadcrumb":{"@id":"https:\/\/lucasoil.mx\/es\/specialty-racing\/#breadcrumb"},"inLanguage":"es","potentialAction":[{"@type":"ReadAction","target":["https:\/\/lucasoil.mx\/es\/specialty-racing\/"]}]},{"@type":"BreadcrumbList","@id":"https:\/\/lucasoil.mx\/es\/specialty-racing\/#breadcrumb","itemListElement":[{"@type":"ListItem","position":1,"name":"Home","item":"https:\/\/lucasoil.mx\/es\/"},{"@type":"ListItem","position":2,"name":"Specialty: Racing"}]},{"@type":"WebSite","@id":"https:\/\/lucasoil.mx\/es\/#website","url":"https:\/\/lucasoil.mx\/es\/","name":"Lucas Oil Products, Inc.","description":"","publisher":{"@id":"https:\/\/lucasoil.mx\/es\/#organization"},"potentialAction":[{"@type":"SearchAction","target":{"@type":"EntryPoint","urlTemplate":"https:\/\/lucasoil.mx\/es\/?s={search_term_string}"},"query-input":{"@type":"PropertyValueSpecification","valueRequired":true,"valueName":"search_term_string"}}],"inLanguage":"es"},{"@type":"Organization","@id":"https:\/\/lucasoil.mx\/es\/#organization","name":"Lucas Oil Products, Inc.","url":"https:\/\/lucasoil.mx\/es\/","logo":{"@type":"ImageObject","inLanguage":"es","@id":"https:\/\/lucasoil.mx\/es\/#\/schema\/logo\/image\/","url":"https:\/\/lucasoil.mx\/wp-content\/uploads\/2025\/07\/LucasOil_Letters_White.png","contentUrl":"https:\/\/lucasoil.mx\/wp-content\/uploads\/2025\/07\/LucasOil_Letters_White.png","width":2249,"height":407,"caption":"Lucas Oil Products, Inc."},"image":{"@id":"https:\/\/lucasoil.mx\/es\/#\/schema\/logo\/image\/"},"sameAs":["https:\/\/www.facebook.com\/lucasoilmexico","https:\/\/www.instagram.com\/lucasoilmexico\/"]}]}},"_links":{"self":[{"href":"https:\/\/lucasoil.mx\/es\/wp-json\/wp\/v2\/pages\/29437","targetHints":{"allow":["GET"]}}],"collection":[{"href":"https:\/\/lucasoil.mx\/es\/wp-json\/wp\/v2\/pages"}],"about":[{"href":"https:\/\/lucasoil.mx\/es\/wp-json\/wp\/v2\/types\/page"}],"author":[{"embeddable":true,"href":"https:\/\/lucasoil.mx\/es\/wp-json\/wp\/v2\/users\/1"}],"replies":[{"embeddable":true,"href":"https:\/\/lucasoil.mx\/es\/wp-json\/wp\/v2\/comments?post=29437"}],"version-history":[{"count":3,"href":"https:\/\/lucasoil.mx\/es\/wp-json\/wp\/v2\/pages\/29437\/revisions"}],"predecessor-version":[{"id":29440,"href":"https:\/\/lucasoil.mx\/es\/wp-json\/wp\/v2\/pages\/29437\/revisions\/29440"}],"wp:attachment":[{"href":"https:\/\/lucasoil.mx\/es\/wp-json\/wp\/v2\/media?parent=29437"}],"curies":[{"name":"wp","href":"https:\/\/api.w.org\/{rel}","templated":true}]}}